{"id":3820,"date":"2013-05-14T00:03:55","date_gmt":"2013-05-13T22:03:55","guid":{"rendered":"http:\/\/www.bksavez.net\/?page_id=3820"},"modified":"2016-01-11T02:03:14","modified_gmt":"2016-01-11T01:03:14","slug":"kinoloska-drustva","status":"publish","type":"page","link":"http:\/\/www.bksavez.net\/?page_id=3820","title":{"rendered":"Kinolo\u0161ka dru\u0161tva"},"content":{"rendered":"<div class=\"fusion-one-third fusion-layout-column fusion-spacing-yes\" style=\"margin-top:0px;margin-bottom:20px;\"><div class=\"fusion-column-wrapper\">\n<div class=\"fusion-person person fusion-person-left fusion-person-icon-top\"><div class=\"person-shortcode-image-wrapper\"><div class=\"person-image-container hover-type-none\" style=\"-webkit-border-radius:0px;-moz-border-radius:0px;border-radius:0px;\"><img class=\"person-img img-responsive\" style=\"-webkit-border-radius:0px;-moz-border-radius:0px;border-radius:0px;border:0px solid #f6f6f6;\" src=\"http:\/\/www.bksavez.net\/wp-content\/uploads\/2013\/05\/BKS-100.png\" alt=\"Kinolo\u0161ki klub &lt;em&gt;Goni\u010d&lt;\/em&gt;\" \/><\/div><\/div><div class=\"person-desc\"><div class=\"person-author\"><div class=\"person-author-wrapper\"><span class=\"person-name\">Kinolo\u0161ki klub <em>Goni\u010d<\/em><\/span><span class=\"person-title\">Tuzla<\/span><\/div><\/div><div class=\"person-content fusion-clearfix\">\nKontakt: Mirko Lame\u0161i\u0107<br \/>\nTel: +387 61 193 044<\/div><\/div><\/div>\u2028<div class=\"fusion-clearfix\"><\/div><\/div><\/div>\n<p style=\"text-align: left;\"><div class=\"fusion-one-third fusion-layout-column fusion-spacing-yes\" style=\"margin-top:0px;margin-bottom:20px;\"><div class=\"fusion-column-wrapper\">\n<div class=\"fusion-person person fusion-person-left fusion-person-icon-top\"><div class=\"person-shortcode-image-wrapper\"><div class=\"person-image-container hover-type-none\" style=\"-webkit-border-radius:0px;-moz-border-radius:0px;border-radius:0px;\"><img class=\"person-img img-responsive\" style=\"-webkit-border-radius:0px;-moz-border-radius:0px;border-radius:0px;border:0px solid #f6f6f6;\" src=\"http:\/\/www.bksavez.net\/wp-content\/uploads\/2013\/05\/BKS-100.png\" alt=\"Kinolo\u0161ki klub &lt;em&gt;\u0160ampion&lt;\/em&gt;\" \/><\/div><\/div><div class=\"person-desc\"><div class=\"person-author\"><div class=\"person-author-wrapper\"><span class=\"person-name\">Kinolo\u0161ki klub <em>\u0160ampion<\/em><\/span><span class=\"person-title\">Biha\u0107<\/span><\/div><\/div><div class=\"person-content fusion-clearfix\">\nKontakt: Sejad Hamba\u0161i\u0107<br \/>\nTel: +387 62 211-624<br \/>\n<a title=\"Facebook\" href=\"https:\/\/www.facebook.com\/pages\/Kinolo%C5%A1ki-klub-%C5%A0ampion-Biha%C4%87\/166028860212694?fref=ts\" target=\"_blank\">Facebook<\/a><\/div><\/div><\/div>\n<div class=\"fusion-clearfix\"><\/div><\/div><\/div>\n<div class=\"fusion-one-third fusion-layout-column fusion-column-last fusion-spacing-yes\" style=\"margin-top:0px;margin-bottom:20px;\"><div class=\"fusion-column-wrapper\"><div class=\"fusion-person person fusion-person-left fusion-person-icon-top\"><div class=\"person-shortcode-image-wrapper\"><div class=\"person-image-container hover-type-none\" style=\"-webkit-border-radius:0px;-moz-border-radius:0px;border-radius:0px;\"><img class=\"person-img img-responsive\" style=\"-webkit-border-radius:0px;-moz-border-radius:0px;border-radius:0px;border:0px solid #f6f6f6;\" src=\"http:\/\/www.bksavez.net\/wp-content\/uploads\/2013\/05\/BKS-100.png\" alt=\"Kinolo\u0161ki klub &lt;em&gt;Pas&lt;\/em&gt;\" \/><\/div><\/div><div class=\"person-desc\"><div class=\"person-author\"><div class=\"person-author-wrapper\"><span class=\"person-name\">Kinolo\u0161ki klub <em>Pas<\/em><\/span><span class=\"person-title\">Te\u0161anj<\/span><\/div><\/div><div class=\"person-content fusion-clearfix\">\nKontakt: Benjamin Preld\u017ei\u0107<br \/>\nTel: +387 61 153 818<\/div><\/div><\/div><div class=\"fusion-clearfix\"><\/div><\/div><\/div><div class=\"fusion-clearfix\"><\/div>\n<div class=\"fusion-one-third fusion-layout-column fusion-spacing-yes\" style=\"margin-top:0px;margin-bottom:20px;\"><div class=\"fusion-column-wrapper\"><div class=\"fusion-person person fusion-person-left fusion-person-icon-top\"><div class=\"person-shortcode-image-wrapper\"><div class=\"person-image-container hover-type-none\" style=\"-webkit-border-radius:0px;-moz-border-radius:0px;border-radius:0px;\"><img class=\"person-img img-responsive\" style=\"-webkit-border-radius:0px;-moz-border-radius:0px;border-radius:0px;border:0px solid #f6f6f6;\" src=\"http:\/\/www.bksavez.net\/wp-content\/uploads\/2013\/05\/BKS-100.png\" alt=\"Kinolo\u0161ki klub &lt;em&gt;Konjic&lt;\/em&gt;\" \/><\/div><\/div><div class=\"person-desc\"><div class=\"person-author\"><div class=\"person-author-wrapper\"><span class=\"person-name\">Kinolo\u0161ki klub <em>Konjic<\/em><\/span><span class=\"person-title\">Konjic<\/span><\/div><\/div><div class=\"person-content fusion-clearfix\">\nKontakt: Samir Biland\u017ei\u0107<br \/>\nTel: +387 61\/154-094<\/div><\/div><\/div><div class=\"fusion-clearfix\"><\/div><\/div><\/div>\n<div class=\"fusion-one-third fusion-layout-column fusion-spacing-yes\" style=\"margin-top:0px;margin-bottom:20px;\"><div class=\"fusion-column-wrapper\">\n<div class=\"fusion-person person fusion-person-left fusion-person-icon-top\"><div class=\"person-shortcode-image-wrapper\"><div class=\"person-image-container hover-type-none\" style=\"-webkit-border-radius:0px;-moz-border-radius:0px;border-radius:0px;\"><img class=\"person-img img-responsive\" style=\"-webkit-border-radius:0px;-moz-border-radius:0px;border-radius:0px;border:0px solid #f6f6f6;\" src=\"http:\/\/www.bksavez.net\/wp-content\/uploads\/2013\/05\/BKS-100.png\" alt=\"Kinolo\u0161ki klub &lt;em&gt;Zmaj&lt;\/em&gt;\" \/><\/div><\/div><div class=\"person-desc\"><div class=\"person-author\"><div class=\"person-author-wrapper\"><span class=\"person-name\">Kinolo\u0161ki klub <em>Zmaj<\/em><\/span><span class=\"person-title\">Grada\u010dac<\/span><\/div><\/div><div class=\"person-content fusion-clearfix\">\nKontakt: Benjamin Ja\u0161arevi\u0107<br \/>\nTel:+387 61 747 353<\/div><\/div><\/div><div class=\"fusion-clearfix\"><\/div><\/div><\/div>\n<div class=\"fusion-one-third fusion-layout-column fusion-column-last fusion-spacing-yes\" style=\"margin-top:0px;margin-bottom:20px;\"><div class=\"fusion-column-wrapper\"><div class=\"fusion-person person fusion-person-left fusion-person-icon-top\"><div class=\"person-shortcode-image-wrapper\"><div class=\"person-image-container hover-type-none\" style=\"-webkit-border-radius:0px;-moz-border-radius:0px;border-radius:0px;\"><img class=\"person-img img-responsive\" style=\"-webkit-border-radius:0px;-moz-border-radius:0px;border-radius:0px;border:0px solid #f6f6f6;\" src=\"http:\/\/www.bksavez.net\/wp-content\/uploads\/2013\/05\/BKS-100.png\" alt=\"Lova\u010dko dru\u0161tvo &lt;em&gt;Kiseljak&lt;\/em&gt;\" \/><\/div><\/div><div class=\"person-desc\"><div class=\"person-author\"><div class=\"person-author-wrapper\"><span class=\"person-name\">Lova\u010dko dru\u0161tvo <em>Kiseljak<\/em><\/span><span class=\"person-title\">Te\u0161anj<\/span><\/div><\/div><div class=\"person-content fusion-clearfix\">\nKontakt: Muhidin Hand\u017ei\u0107<br \/>\nTel: +387 62 537518<\/div><\/div><\/div><div class=\"fusion-clearfix\"><\/div><\/div><\/div><div class=\"fusion-clearfix\"><\/div>\n<div class=\"fusion-one-third fusion-layout-column fusion-spacing-yes\" style=\"margin-top:0px;margin-bottom:20px;\"><div class=\"fusion-column-wrapper\"><div class=\"fusion-person person fusion-person-left fusion-person-icon-top\"><div class=\"person-shortcode-image-wrapper\"><div class=\"person-image-container hover-type-none\" style=\"-webkit-border-radius:0px;-moz-border-radius:0px;border-radius:0px;\"><img class=\"person-img img-responsive\" style=\"-webkit-border-radius:0px;-moz-border-radius:0px;border-radius:0px;border:0px solid #f6f6f6;\" src=\"http:\/\/www.bksavez.net\/wp-content\/uploads\/2013\/05\/BKS-100.png\" alt=\"Udru\u017eenje gra\u0111ana ljubitelja pasa &lt;em&gt;\u017divinice, &lt;\/em&gt;\u017divinice \" \/><\/div><\/div><div class=\"person-desc\"><div class=\"person-author\"><div class=\"person-author-wrapper\"><span class=\"person-name\">Udru\u017eenje gra\u0111ana ljubitelja pasa <em>\u017divinice, <\/em>\u017divinice <\/span><span class=\"person-title\"><\/span><\/div><\/div><div class=\"person-content fusion-clearfix\">\nKontakt: Asmir Polji\u0107<br \/>\nTel:+387 61 182 634<\/div><\/div><\/div><div class=\"fusion-clearfix\"><\/div><\/div><\/div>\n<div class=\"fusion-one-third fusion-layout-column fusion-spacing-yes\" style=\"margin-top:0px;margin-bottom:20px;\"><div class=\"fusion-column-wrapper\">\n<div class=\"fusion-person person fusion-person-left fusion-person-icon-top\"><div class=\"person-shortcode-image-wrapper\"><div class=\"person-image-container hover-type-none\" style=\"-webkit-border-radius:0px;-moz-border-radius:0px;border-radius:0px;\"><img class=\"person-img img-responsive\" style=\"-webkit-border-radius:0px;-moz-border-radius:0px;border-radius:0px;border:0px solid #f6f6f6;\" src=\"http:\/\/www.bksavez.net\/wp-content\/uploads\/2013\/05\/ULO-Bihac.png\" alt=\"Udru\u017eenje lova\u010dkih organizacija &lt;em&gt;Biha\u0107 &lt;\/em&gt;Biha\u0107\" \/><\/div><\/div><div class=\"person-desc\"><div class=\"person-author\"><div class=\"person-author-wrapper\"><span class=\"person-name\">Udru\u017eenje lova\u010dkih organizacija <em>Biha\u0107 <\/em>Biha\u0107<\/span><span class=\"person-title\"><\/span><\/div><\/div><div class=\"person-content fusion-clearfix\">\nKontakt: Kemaludin Deli\u0107<br \/>\nTel: +387 37 220 495<br \/>\nWeb: <a title=\"http:\/\/www.ulo-bihac.ba\/\" href=\"http:\/\/www.ulo-bihac.ba\/\" target=\"_blank\">www.ulo-bihac.ba<\/a><br \/>\n<\/div><\/div><\/div>\u2028<div class=\"fusion-clearfix\"><\/div><\/div><\/div>\n<div class=\"fusion-one-third fusion-layout-column fusion-column-last fusion-spacing-yes\" style=\"margin-top:0px;margin-bottom:20px;\"><div class=\"fusion-column-wrapper\"><div class=\"fusion-person person fusion-person-left fusion-person-icon-top\"><div class=\"person-shortcode-image-wrapper\"><div class=\"person-image-container hover-type-none\" style=\"-webkit-border-radius:0px;-moz-border-radius:0px;border-radius:0px;\"><img class=\"person-img img-responsive\" style=\"-webkit-border-radius:0px;-moz-border-radius:0px;border-radius:0px;border:0px solid #f6f6f6;\" src=\"http:\/\/www.bksavez.net\/wp-content\/uploads\/2013\/05\/SPBiH.png\" alt=\"Udru\u017eenje &lt;em&gt;\u0160naucer-pin\u010der&lt;\/em&gt; u BiH\" \/><\/div><\/div><div class=\"person-desc\"><div class=\"person-author\"><div class=\"person-author-wrapper\"><span class=\"person-name\">Udru\u017eenje <em>\u0160naucer-pin\u010der<\/em> u BiH<\/span><span class=\"person-title\">Sarajevo<\/span><\/div><\/div><div class=\"person-content fusion-clearfix\"><\/div><\/div><\/div>\nKontakt: Lejla Ali\u0107<br \/>\nTel: +387 61 485 835<br \/>\nWeb: <a title=\"www.spbih.com\" href=\"http:\/\/www.spbih.com\/\">www.spbih.com<\/a><br \/>\n<a title=\"Facebook\" href=\"https:\/\/www.facebook.com\/groups\/275377509195660\/\" target=\"_blank\">Facebook<\/a><div class=\"fusion-clearfix\"><\/div><\/div><\/div><div class=\"fusion-clearfix\"><\/div>\n","protected":false},"excerpt":{"rendered":"","protected":false},"author":1,"featured_media":0,"parent":0,"menu_order":0,"comment_status":"open","ping_status":"open","template":"","meta":[],"_links":{"self":[{"href":"http:\/\/www.bksavez.net\/index.php?rest_route=\/wp\/v2\/pages\/3820"}],"collection":[{"href":"http:\/\/www.bksavez.net\/index.php?rest_route=\/wp\/v2\/pages"}],"about":[{"href":"http:\/\/www.bksavez.net\/index.php?rest_route=\/wp\/v2\/types\/page"}],"author":[{"embeddable":true,"href":"http:\/\/www.bksavez.net\/index.php?rest_route=\/wp\/v2\/users\/1"}],"replies":[{"embeddable":true,"href":"http:\/\/www.bksavez.net\/index.php?rest_route=%2Fwp%2Fv2%2Fcomments&post=3820"}],"version-history":[{"count":60,"href":"http:\/\/www.bksavez.net\/index.php?rest_route=\/wp\/v2\/pages\/3820\/revisions"}],"predecessor-version":[{"id":3832,"href":"http:\/\/www.bksavez.net\/index.php?rest_route=\/wp\/v2\/pages\/3820\/revisions\/3832"}],"wp:attachment":[{"href":"http:\/\/www.bksavez.net\/index.php?rest_route=%2Fwp%2Fv2%2Fmedia&parent=3820"}],"curies":[{"name":"wp","href":"https:\/\/api.w.org\/{rel}","templated":true}]}}