{"id":3850,"date":"2013-05-14T11:30:47","date_gmt":"2013-05-14T09:30:47","guid":{"rendered":"http:\/\/www.bksavez.net\/?page_id=3850"},"modified":"2022-09-14T23:02:41","modified_gmt":"2022-09-14T21:02:41","slug":"manifestacije","status":"publish","type":"page","link":"http:\/\/www.bksavez.net\/?page_id=3850","title":{"rendered":"Izlo\u017ebe"},"content":{"rendered":"<p>Po\u0161tovani,<br \/>\u017delimo vam se zahvaliti na ukazanom povjerenju i u\u010de\u0161\u0107u na izlo\u017ebama u organizaciji BKS-a i upoznati vas sa procedurom prijave pasa\/kuja za u\u010de\u0161\u0107e na na\u0161im izlo\u017ebama. Prijava za u\u010de\u0161\u0107e na izlo\u017ebama se podnosi preko web sajta:\u00a0https:\/\/www.onlinedogshows.eu\/\u00a0<br \/>DOBRODO\u0160LI!<\/p>\n\n\n<figure class=\"wp-block-image size-large\"><a href=\"https:\/\/www.onlinedogshows.eu\/en\/Show\/Index\/2534\/AutumnShowGrada_ac_2CACIB_2CAC_1Specialty_CruftsQualification\"><img loading=\"lazy\" width=\"1024\" height=\"536\" src=\"http:\/\/www.bksavez.net\/wp-content\/uploads\/2022\/09\/Autumn-Dog-Show_Gradacac_newdates-1024x536.jpg\" alt=\"\" class=\"wp-image-6672\" srcset=\"http:\/\/www.bksavez.net\/wp-content\/uploads\/2022\/09\/Autumn-Dog-Show_Gradacac_newdates-200x105.jpg 200w, http:\/\/www.bksavez.net\/wp-content\/uploads\/2022\/09\/Autumn-Dog-Show_Gradacac_newdates-300x157.jpg 300w, http:\/\/www.bksavez.net\/wp-content\/uploads\/2022\/09\/Autumn-Dog-Show_Gradacac_newdates-400x209.jpg 400w, http:\/\/www.bksavez.net\/wp-content\/uploads\/2022\/09\/Autumn-Dog-Show_Gradacac_newdates-600x314.jpg 600w, http:\/\/www.bksavez.net\/wp-content\/uploads\/2022\/09\/Autumn-Dog-Show_Gradacac_newdates-768x402.jpg 768w, http:\/\/www.bksavez.net\/wp-content\/uploads\/2022\/09\/Autumn-Dog-Show_Gradacac_newdates-800x419.jpg 800w, http:\/\/www.bksavez.net\/wp-content\/uploads\/2022\/09\/Autumn-Dog-Show_Gradacac_newdates-1024x536.jpg 1024w, http:\/\/www.bksavez.net\/wp-content\/uploads\/2022\/09\/Autumn-Dog-Show_Gradacac_newdates-1200x628.jpg 1200w, http:\/\/www.bksavez.net\/wp-content\/uploads\/2022\/09\/Autumn-Dog-Show_Gradacac_newdates-1536x804.jpg 1536w\" sizes=\"(max-width: 1024px) 100vw, 1024px\" \/><\/a><figcaption>Info: <a href=\"https:\/\/www.onlinedogshows.eu\/en\/Show\/Index\/2534\/AutumnShowGrada_ac_2CACIB_2CAC_1Specialty_CruftsQualification\">https:\/\/www.onlinedogshows.eu\/en\/Show\/Index\/2534<\/a><\/figcaption><\/figure>\n\n\n\n<figure class=\"wp-block-image size-large\"><a href=\"http:\/\/www.bksavez.net\/wp-content\/uploads\/2022\/09\/BOXER-2.jpg\"><img loading=\"lazy\" width=\"900\" height=\"900\" src=\"http:\/\/www.bksavez.net\/wp-content\/uploads\/2022\/09\/BOXER-2.jpg\" alt=\"\" class=\"wp-image-6675\" srcset=\"http:\/\/www.bksavez.net\/wp-content\/uploads\/2022\/09\/BOXER-2-66x66.jpg 66w, http:\/\/www.bksavez.net\/wp-content\/uploads\/2022\/09\/BOXER-2-150x150.jpg 150w, http:\/\/www.bksavez.net\/wp-content\/uploads\/2022\/09\/BOXER-2-200x200.jpg 200w, http:\/\/www.bksavez.net\/wp-content\/uploads\/2022\/09\/BOXER-2-300x300.jpg 300w, http:\/\/www.bksavez.net\/wp-content\/uploads\/2022\/09\/BOXER-2-400x400.jpg 400w, http:\/\/www.bksavez.net\/wp-content\/uploads\/2022\/09\/BOXER-2-600x600.jpg 600w, http:\/\/www.bksavez.net\/wp-content\/uploads\/2022\/09\/BOXER-2-768x768.jpg 768w, http:\/\/www.bksavez.net\/wp-content\/uploads\/2022\/09\/BOXER-2-800x800.jpg 800w, http:\/\/www.bksavez.net\/wp-content\/uploads\/2022\/09\/BOXER-2.jpg 900w\" sizes=\"(max-width: 900px) 100vw, 900px\" \/><\/a><figcaption><strong>Info:<\/strong> <a href=\"https:\/\/www.bksavez.net\/?page_id=5552\">https:\/\/www.bksavez.net\/?page_id=5552<\/a><\/figcaption><\/figure>\n\n\n\n<figure class=\"wp-block-image size-large\"><a href=\"http:\/\/www.bksavez.net\/wp-content\/uploads\/2022\/09\/305181708_1057029488510369_834616310748866340_n.jpg\"><img loading=\"lazy\" width=\"841\" height=\"960\" src=\"http:\/\/www.bksavez.net\/wp-content\/uploads\/2022\/09\/305181708_1057029488510369_834616310748866340_n.jpg\" alt=\"\" class=\"wp-image-6655\" srcset=\"http:\/\/www.bksavez.net\/wp-content\/uploads\/2022\/09\/305181708_1057029488510369_834616310748866340_n-200x228.jpg 200w, http:\/\/www.bksavez.net\/wp-content\/uploads\/2022\/09\/305181708_1057029488510369_834616310748866340_n-263x300.jpg 263w, http:\/\/www.bksavez.net\/wp-content\/uploads\/2022\/09\/305181708_1057029488510369_834616310748866340_n-400x457.jpg 400w, http:\/\/www.bksavez.net\/wp-content\/uploads\/2022\/09\/305181708_1057029488510369_834616310748866340_n-600x685.jpg 600w, http:\/\/www.bksavez.net\/wp-content\/uploads\/2022\/09\/305181708_1057029488510369_834616310748866340_n-768x877.jpg 768w, http:\/\/www.bksavez.net\/wp-content\/uploads\/2022\/09\/305181708_1057029488510369_834616310748866340_n-800x913.jpg 800w, http:\/\/www.bksavez.net\/wp-content\/uploads\/2022\/09\/305181708_1057029488510369_834616310748866340_n.jpg 841w\" sizes=\"(max-width: 841px) 100vw, 841px\" \/><\/a><figcaption><strong>Info:<\/strong> <a href=\"https:\/\/www.bksavez.net\/?p=6654\">https:\/\/www.bksavez.net\/?p=6654<\/a><\/figcaption><\/figure>\n\n\n\n<figure class=\"wp-block-image size-large\"><a href=\"http:\/\/www.bksavez.net\/wp-content\/uploads\/2022\/09\/Doberman-Club-Show8-1.jpg\"><img loading=\"lazy\" width=\"800\" height=\"541\" src=\"http:\/\/www.bksavez.net\/wp-content\/uploads\/2022\/09\/Doberman-Club-Show8-1.jpg\" alt=\"\" class=\"wp-image-6668\" srcset=\"http:\/\/www.bksavez.net\/wp-content\/uploads\/2022\/09\/Doberman-Club-Show8-1-200x135.jpg 200w, http:\/\/www.bksavez.net\/wp-content\/uploads\/2022\/09\/Doberman-Club-Show8-1-300x203.jpg 300w, http:\/\/www.bksavez.net\/wp-content\/uploads\/2022\/09\/Doberman-Club-Show8-1-400x271.jpg 400w, http:\/\/www.bksavez.net\/wp-content\/uploads\/2022\/09\/Doberman-Club-Show8-1-600x406.jpg 600w, http:\/\/www.bksavez.net\/wp-content\/uploads\/2022\/09\/Doberman-Club-Show8-1-768x519.jpg 768w, http:\/\/www.bksavez.net\/wp-content\/uploads\/2022\/09\/Doberman-Club-Show8-1.jpg 800w\" sizes=\"(max-width: 800px) 100vw, 800px\" \/><\/a><figcaption><strong>Info: <\/strong><a href=\"https:\/\/www.bksavez.net\/?page_id=5837\">https:\/\/www.bksavez.net\/?page_id=5837<\/a><\/figcaption><\/figure>\n\n\n\n<figure class=\"wp-block-image size-large\"><a href=\"http:\/\/www.bksavez.net\/wp-content\/uploads\/2022\/09\/Champion-Show-_Sarajevo.jpg\"><img loading=\"lazy\" width=\"1024\" height=\"536\" src=\"http:\/\/www.bksavez.net\/wp-content\/uploads\/2022\/09\/Champion-Show-_Sarajevo-1024x536.jpg\" alt=\"\" class=\"wp-image-6677\" srcset=\"http:\/\/www.bksavez.net\/wp-content\/uploads\/2022\/09\/Champion-Show-_Sarajevo-200x105.jpg 200w, http:\/\/www.bksavez.net\/wp-content\/uploads\/2022\/09\/Champion-Show-_Sarajevo-300x157.jpg 300w, http:\/\/www.bksavez.net\/wp-content\/uploads\/2022\/09\/Champion-Show-_Sarajevo-400x209.jpg 400w, http:\/\/www.bksavez.net\/wp-content\/uploads\/2022\/09\/Champion-Show-_Sarajevo-600x314.jpg 600w, http:\/\/www.bksavez.net\/wp-content\/uploads\/2022\/09\/Champion-Show-_Sarajevo-768x402.jpg 768w, http:\/\/www.bksavez.net\/wp-content\/uploads\/2022\/09\/Champion-Show-_Sarajevo-800x419.jpg 800w, http:\/\/www.bksavez.net\/wp-content\/uploads\/2022\/09\/Champion-Show-_Sarajevo-1024x536.jpg 1024w, http:\/\/www.bksavez.net\/wp-content\/uploads\/2022\/09\/Champion-Show-_Sarajevo.jpg 1200w\" sizes=\"(max-width: 1024px) 100vw, 1024px\" \/><\/a><figcaption><strong>Info:<\/strong> <a href=\"https:\/\/www.onlinedogshows.eu\/en\/Show\/Index\/2567\/SarajevoChampionsShow_2CACIB__CAC2_BiHCHShow_CruftsQualification\">https:\/\/www.onlinedogshows.eu\/en\/Show\/Index\/2567<\/a><\/figcaption><\/figure>\n","protected":false},"excerpt":{"rendered":"<p>Po\u0161tovani,\u017delimo vam se zahvaliti na ukazanom povjerenju i u\u010de\u0161\u0107u na izlo\u017ebama u organizaciji BKS-a i upoznati vas sa procedurom prijave pasa\/kuja za u\u010de\u0161\u0107e na na\u0161im izlo\u017ebama. Prijava za u\u010de\u0161\u0107e na izlo\u017ebama se podnosi preko web sajta:\u00a0https:\/\/www.onlinedogshows.eu\/\u00a0DOBRODO\u0160LI!<\/p>\n","protected":false},"author":1,"featured_media":0,"parent":0,"menu_order":0,"comment_status":"open","ping_status":"open","template":"","meta":[],"_links":{"self":[{"href":"http:\/\/www.bksavez.net\/index.php?rest_route=\/wp\/v2\/pages\/3850"}],"collection":[{"href":"http:\/\/www.bksavez.net\/index.php?rest_route=\/wp\/v2\/pages"}],"about":[{"href":"http:\/\/www.bksavez.net\/index.php?rest_route=\/wp\/v2\/types\/page"}],"author":[{"embeddable":true,"href":"http:\/\/www.bksavez.net\/index.php?rest_route=\/wp\/v2\/users\/1"}],"replies":[{"embeddable":true,"href":"http:\/\/www.bksavez.net\/index.php?rest_route=%2Fwp%2Fv2%2Fcomments&post=3850"}],"version-history":[{"count":58,"href":"http:\/\/www.bksavez.net\/index.php?rest_route=\/wp\/v2\/pages\/3850\/revisions"}],"predecessor-version":[{"id":6679,"href":"http:\/\/www.bksavez.net\/index.php?rest_route=\/wp\/v2\/pages\/3850\/revisions\/6679"}],"wp:attachment":[{"href":"http:\/\/www.bksavez.net\/index.php?rest_route=%2Fwp%2Fv2%2Fmedia&parent=3850"}],"curies":[{"name":"wp","href":"https:\/\/api.w.org\/{rel}","templated":true}]}}