{"id":3861,"date":"2013-05-14T11:42:47","date_gmt":"2013-05-14T09:42:47","guid":{"rendered":"http:\/\/www.bksavez.net\/?page_id=3861"},"modified":"2023-04-11T09:31:45","modified_gmt":"2023-04-11T07:31:45","slug":"pravilnici-3","status":"publish","type":"page","link":"http:\/\/www.bksavez.net\/?page_id=3861","title":{"rendered":"Pravilnici"},"content":{"rendered":"<p style=\"text-align: left;\" align=\"center\"><div class=\"fusion-title title fusion-title-size-two\" style=\"margin-top:0px;margin-bottom:31px;\"><h2 class=\"title-heading-left\">Pravilnici<\/h2><div class=\"title-sep-container\"><div class=\"title-sep sep-double\"><\/div><\/div><\/div>\n<p style=\"text-align: left;\" align=\"center\"><a title=\"Statut Bosanskog kinolo\u0161kog saveza\" href=\"http:\/\/www.bksavez.net\/wp-content\/uploads\/2013\/05\/Statut_BKSa.pdf\" target=\"_blank\" rel=\"noopener\">Statut Bosanskog kinolo\u0161kog saveza<\/a><\/p>\n<p style=\"text-align: left;\" align=\"center\"><a title=\"Pravilnik o disciplinskoj odgovornosti Kinolo\u0161kog saveza u Bosni i Hercegovini\" href=\"http:\/\/www.bksavez.net\/wp-content\/uploads\/2013\/05\/Pravilnik-o-disciplinskoj-odgovornosti.pdf\" target=\"_blank\" rel=\"noopener\">Pravilnik o disciplinskoj odgovornosti Kinolo\u0161kog saveza u Bosni i Hercegovini<\/a><\/p>\n<p style=\"text-align: left;\" align=\"center\"><a title=\"Pravilnik o kinolo\u0161kim manifestacijama\" href=\"http:\/\/www.bksavez.net\/wp-content\/uploads\/2013\/05\/PRAVILNIK-O-KINOLOSKIM-MANIFESTACIJAMA.pdf\" target=\"_blank\" rel=\"noopener\">Pravilnik o kinolo\u0161kim manifestacijama<\/a><\/p>\n<p style=\"text-align: left;\" align=\"center\"><a title=\"Pravilnik o kinolo\u0161kim sudijama i stru\u010dnim kadrovima Kinolo\u0161kog saveza u Bosni i Hercegovini\" href=\"http:\/\/www.bksavez.net\/wp-content\/uploads\/2013\/05\/PRAVILNIK-O-KINOLOSKIM-SUDIJAMA-I-STRUCNIM-KADROVIMA-KSuBiH.pdf\" target=\"_blank\" rel=\"noopener\">Pravilnik o kinolo\u0161kim sudijama i stru\u010dnim kadrovima Kinolo\u0161kog saveza u Bosni i Hercegovini<\/a><\/p>\n<p style=\"text-align: left;\" align=\"center\"><a title=\"Pravilnik o odgoju i upisu  pasa u rodovnu knjigu Kinolo\u0161kog saveza u Bosni i Hercegovini\" href=\"http:\/\/www.bksavez.net\/wp-content\/uploads\/2013\/05\/Pravilnik-o-odgoju-i-upisu-pasa.pdf\" target=\"_blank\" rel=\"noopener\">Pravilnik o odgoju i upisu\u00a0 pasa u rodovnu knjigu Kinolo\u0161kog saveza u Bosni i Hercegovini<\/a><\/p>\n<p><a href=\"http:\/\/www.bksavez.net\/wp-content\/uploads\/2013\/05\/cjenovnik.pdf\" target=\"_blank\" rel=\"noopener\">Cjenovnik naknada i usluga Kinolo\u0161kog saveza u Bosni i Hercegovni<\/a><\/p>\n<p><a href=\"http:\/\/www.bksavez.net\/wp-content\/uploads\/2014\/01\/CLANSTVO-BKS.pdf\" target=\"_blank\" rel=\"noopener\">\u010clanstvo u Bosanskom kinolo\u0161kom svezu<\/a><\/p>\n<div class=\"fusion-title title fusion-title-size-two\" style=\"margin-top:0px;margin-bottom:31px;\"><h2 class=\"title-heading-left\">Formulari<\/h2><div class=\"title-sep-container\"><div class=\"title-sep sep-double\"><\/div><\/div><\/div>\n<p><a title=\"Zahtjev za registraciju i ovjeru imena odgajiva\u010dnice kod F.C.I.\" href=\"http:\/\/www.bksavez.net\/wp-content\/uploads\/2013\/05\/zahtjev.pdf\" target=\"_blank\" rel=\"noopener\">Zahtjev za registraciju i ovjeru imena odgajiva\u010dnice kod F.C.I.<\/a><\/p>\n<p style=\"text-align: left;\" align=\"center\"><a href=\"http:\/\/www.bksavez.net\/wp-content\/uploads\/2023\/04\/potvrda-o-parenju.pdf\">Potvrda o parenju<\/a><\/p>\n<p style=\"text-align: left;\" align=\"center\"><a href=\"http:\/\/www.bksavez.net\/wp-content\/uploads\/2023\/04\/prijava-legla.pdf\">Prijava legla<\/a><\/p>\n<p style=\"text-align: left;\" align=\"center\"><a href=\"http:\/\/wp.me\/p3xPKY-1gF\">Prijava za radni ispit<\/a><\/p>\n","protected":false},"excerpt":{"rendered":"<p>Statut Bosanskog kinolo\u0161kog saveza Pravilnik o disciplinskoj odgovornosti Kinolo\u0161kog saveza u Bosni i Hercegovini Pravilnik o kinolo\u0161kim manifestacijama Pravilnik o kinolo\u0161kim sudijama i stru\u010dnim kadrovima Kinolo\u0161kog saveza u Bosni i Hercegovini Pravilnik o odgoju i upisu\u00a0 pasa u rodovnu knjigu Kinolo\u0161kog saveza u Bosni i Hercegovini Cjenovnik naknada i usluga Kinolo\u0161kog saveza u Bosni i Hercegovni \u010clanstvo u Bosanskom kinolo\u0161kom svezu Zahtjev za registraciju i ovjeru imena odgajiva\u010dnice kod F.C.I. Potvrda o parenju Prijava legla Prijava za radni ispit<\/p>\n","protected":false},"author":1,"featured_media":0,"parent":0,"menu_order":0,"comment_status":"open","ping_status":"open","template":"","meta":[],"_links":{"self":[{"href":"http:\/\/www.bksavez.net\/index.php?rest_route=\/wp\/v2\/pages\/3861"}],"collection":[{"href":"http:\/\/www.bksavez.net\/index.php?rest_route=\/wp\/v2\/pages"}],"about":[{"href":"http:\/\/www.bksavez.net\/index.php?rest_route=\/wp\/v2\/types\/page"}],"author":[{"embeddable":true,"href":"http:\/\/www.bksavez.net\/index.php?rest_route=\/wp\/v2\/users\/1"}],"replies":[{"embeddable":true,"href":"http:\/\/www.bksavez.net\/index.php?rest_route=%2Fwp%2Fv2%2Fcomments&post=3861"}],"version-history":[{"count":24,"href":"http:\/\/www.bksavez.net\/index.php?rest_route=\/wp\/v2\/pages\/3861\/revisions"}],"predecessor-version":[{"id":6722,"href":"http:\/\/www.bksavez.net\/index.php?rest_route=\/wp\/v2\/pages\/3861\/revisions\/6722"}],"wp:attachment":[{"href":"http:\/\/www.bksavez.net\/index.php?rest_route=%2Fwp%2Fv2%2Fmedia&parent=3861"}],"curies":[{"name":"wp","href":"https:\/\/api.w.org\/{rel}","templated":true}]}}