{"id":3943,"date":"2013-05-15T11:17:52","date_gmt":"2013-05-15T09:17:52","guid":{"rendered":"http:\/\/www.bksavez.net\/?page_id=3943"},"modified":"2013-05-22T16:58:35","modified_gmt":"2013-05-22T14:58:35","slug":"autohtone-pasmine-2","status":"publish","type":"page","link":"http:\/\/www.bksavez.net\/?page_id=3943","title":{"rendered":"Autohtone pasmine"},"content":{"rendered":"<div class=\"fusion-one-third fusion-layout-column fusion-spacing-yes\" style=\"margin-top:0px;margin-bottom:20px;\"><div class=\"fusion-column-wrapper\"><img loading=\"lazy\" class=\"alignleft size-full wp-image-4291\" alt=\"Barak\" src=\"http:\/\/www.bksavez.net\/wp-content\/uploads\/2013\/05\/Barak.jpg\" width=\"460\" height=\"295\" srcset=\"http:\/\/www.bksavez.net\/wp-content\/uploads\/2013\/05\/Barak-300x192.jpg 300w, http:\/\/www.bksavez.net\/wp-content\/uploads\/2013\/05\/Barak.jpg 460w\" sizes=\"(max-width: 460px) 100vw, 460px\" \/><a href=\"http:\/\/www.bksavez.net\/wp-content\/uploads\/2013\/05\/barak-e1368621266515.jpg\"><br \/>\n<\/a><div class=\"fusion-clearfix\"><\/div><\/div><\/div>\n<div class=\"fusion-two-third fusion-layout-column fusion-column-last fusion-spacing-yes\" style=\"margin-top:0px;margin-bottom:20px;\"><div class=\"fusion-column-wrapper\"><div class=\"fusion-title title fusion-title-size-two\" style=\"margin-top:0px;margin-bottom:31px;\"><h2 class=\"title-heading-left\">Barak<\/h2><div class=\"title-sep-container\"><div class=\"title-sep sep-double\"><\/div><\/div><\/div>\n<p>Bosanski o\u0161trodlaki goni\u010d &#8211; <b>barak<\/b> je bosanskohercegova\u010dka autohtona pasmina psa, prvenstveno namijenjena za lov. Barak je ranije vo\u0111en kao keltski goni\u010d, ilirski goni\u010d, te bosanski barak. Barak je sna\u017ean pas sa dugom i \u010dekinjastom dlakom, duge i srednje \u0161iroke glave, izra\u017eenih i gustih obrva. Glavne osobine psa su temperamentnost, hrabrost i upornost, veoma je dobrog karaktera, otporan i tvrd u te\u0161kim uslovima lova bh. planina. Pored lova, koristi se kao pas \u010duvar. Pasmina je registrovana u <a title=\"FCI\" href=\"http:\/\/bs.wikipedia.org\/wiki\/FCI\">FCI<\/a> (Me\u0111unarodnoj kinolo\u0161koj federaciji) u VI FCI grupi, II sekcija, a upisana pod brojem 155 s va\u017ee\u0107im standardom objavljenim 15. januara 1973. godine.Uslijed ratnih de\u0161avanja brojno stanje pasmine je smanjeno. U Bosni postoji izreka: &#8220;Dobar barak &#8211; sto dukata!&#8221; U pro\u0161losti bio je lova\u010dki pas bosanskih plemi\u0107a.<\/p>\n<p><strong><div class=\"fusion-button-wrapper\"><style type=\"text\/css\" scoped=\"scoped\">.fusion-button.button-1{width:auto;}<\/style><a class=\"fusion-button button-flat button-round button-small button- blue button-1\" target=\"_self\" href=\"http:\/\/www.bksavez.net\/?page_id=3948\"><span class=\"fusion-button-text\">Vi\u0161e<\/span><\/a><\/div><\/strong><br \/>\n<div class=\"fusion-clearfix\"><\/div><\/div><\/div><div class=\"fusion-clearfix\"><\/div>\n<div class=\"fusion-one-third fusion-layout-column fusion-spacing-yes\" style=\"margin-top:0px;margin-bottom:20px;\"><div class=\"fusion-column-wrapper\"><img loading=\"lazy\" class=\"alignleft size-full wp-image-4292\" alt=\"Tornjak\" src=\"http:\/\/www.bksavez.net\/wp-content\/uploads\/2013\/05\/Tornjak.jpg\" width=\"460\" height=\"295\" srcset=\"http:\/\/www.bksavez.net\/wp-content\/uploads\/2013\/05\/Tornjak-300x192.jpg 300w, http:\/\/www.bksavez.net\/wp-content\/uploads\/2013\/05\/Tornjak.jpg 460w\" sizes=\"(max-width: 460px) 100vw, 460px\" \/><a href=\"http:\/\/www.bksavez.net\/wp-content\/uploads\/2013\/05\/tornjak1.jpg\"><br \/>\n<\/a><div class=\"fusion-clearfix\"><\/div><\/div><\/div>\n<div class=\"fusion-two-third fusion-layout-column fusion-column-last fusion-spacing-yes\" style=\"margin-top:0px;margin-bottom:20px;\"><div class=\"fusion-column-wrapper\"><div class=\"fusion-title title fusion-title-size-two\" style=\"margin-top:0px;margin-bottom:31px;\"><h2 class=\"title-heading-left\">Tornjak<\/h2><div class=\"title-sep-container\"><div class=\"title-sep sep-double\"><\/div><\/div><\/div>\n<p><b>Tornjak<\/b> (u FCI pod rednim brojem 355 zvani\u010dno priznat pod nazivom bosanskohercegova\u010dki-hrvatski pastirski pas Tornjak ) je pasmina pastirskog psa koja \u017eivi na podru\u010dju BiH i Hrvatske. Tornjak je kao autohtona pasmina registrovan 9. maja 1981. godine pod imenom &#8220;Bosanskohercegova\u010dki pastirski pas &#8211; tornjak&#8221;, a 2007 je preimenovan u &#8220;bosanskohercegova\u010dki-hrvatski pastirski pas &#8211; tornjak&#8221;. Hroni\u010dari su ga zabilje\u017eili prije devet vijekova pod imenom <i>Canis montanus<\/i>, odnosno <i>planinski pas<\/i>. Na podru\u010dju Bosne i Hercegovine \u017eivi u velikom broju, kao specifi\u010dan pas koji je tu postojao i unazad bar 1.000 godina, a sasvim vjerovatno i puno prije. Od davnina stanovni\u0161tvo ga je u tim krajevima nazivalo tornjak. Ime poti\u010de od rije\u010di &#8220;tor&#8221;, prostor u kojem borave i odmaraju ovce na planinskoj ispa\u0161i. Kada ovce borave u torovima tornjake je mogu\u0107e vidjeti kako le\u017ee uz ogradu ne dopu\u0161taju\u0107i nikome da se pribli\u017ei bez prisustva vlasnika stada, pa je jasno da ih je ova karakteristika zapravo i &#8220;imenovala&#8221;. Tornjaci su krupni psi sa vrlo sna\u017enim i skladnim oblikom tijela. Imaju dugu dlaku sa poddlakom, sa osnovnom bijelom bojom i flekama po tijelu i glavi. Dlaka je tako slo\u017eena da ga \u0161titi od svih vremenskih nepogoda.<\/p>\n<p><strong><div class=\"fusion-button-wrapper\"><style type=\"text\/css\" scoped=\"scoped\">.fusion-button.button-2{width:auto;}<\/style><a class=\"fusion-button button-flat button-round button-small button- blue button-2\" target=\"_self\" href=\"http:\/\/www.bksavez.net\/?page_id=3946\"><span class=\"fusion-button-text\">Vi\u0161e<\/span><\/a><\/div><\/strong><br \/>\n<div class=\"fusion-clearfix\"><\/div><\/div><\/div><div class=\"fusion-clearfix\"><\/div>\n","protected":false},"excerpt":{"rendered":"","protected":false},"author":1,"featured_media":0,"parent":0,"menu_order":0,"comment_status":"open","ping_status":"open","template":"","meta":[],"_links":{"self":[{"href":"http:\/\/www.bksavez.net\/index.php?rest_route=\/wp\/v2\/pages\/3943"}],"collection":[{"href":"http:\/\/www.bksavez.net\/index.php?rest_route=\/wp\/v2\/pages"}],"about":[{"href":"http:\/\/www.bksavez.net\/index.php?rest_route=\/wp\/v2\/types\/page"}],"author":[{"embeddable":true,"href":"http:\/\/www.bksavez.net\/index.php?rest_route=\/wp\/v2\/users\/1"}],"replies":[{"embeddable":true,"href":"http:\/\/www.bksavez.net\/index.php?rest_route=%2Fwp%2Fv2%2Fcomments&post=3943"}],"version-history":[{"count":21,"href":"http:\/\/www.bksavez.net\/index.php?rest_route=\/wp\/v2\/pages\/3943\/revisions"}],"predecessor-version":[{"id":4007,"href":"http:\/\/www.bksavez.net\/index.php?rest_route=\/wp\/v2\/pages\/3943\/revisions\/4007"}],"wp:attachment":[{"href":"http:\/\/www.bksavez.net\/index.php?rest_route=%2Fwp%2Fv2%2Fmedia&parent=3943"}],"curies":[{"name":"wp","href":"https:\/\/api.w.org\/{rel}","templated":true}]}}