{"id":3946,"date":"2013-05-15T11:20:47","date_gmt":"2013-05-15T09:20:47","guid":{"rendered":"http:\/\/www.bksavez.net\/?page_id=3946"},"modified":"2013-05-22T23:23:51","modified_gmt":"2013-05-22T21:23:51","slug":"tornjak","status":"publish","type":"page","link":"http:\/\/www.bksavez.net\/?page_id=3946","title":{"rendered":"Tornjak"},"content":{"rendered":"<p><b><img loading=\"lazy\" class=\"aligncenter size-full wp-image-4292\" alt=\"Tornjak\" src=\"http:\/\/www.bksavez.net\/wp-content\/uploads\/2013\/05\/Tornjak.jpg\" width=\"460\" height=\"295\" srcset=\"http:\/\/www.bksavez.net\/wp-content\/uploads\/2013\/05\/Tornjak-300x192.jpg 300w, http:\/\/www.bksavez.net\/wp-content\/uploads\/2013\/05\/Tornjak.jpg 460w\" sizes=\"(max-width: 460px) 100vw, 460px\" \/><\/b><\/p>\n<h3><strong><span style=\"color: #1a80b6;\">Bosansko-Hercegova\u010dki &#8211; Hrvatski pastirski pas &#8211; Tornjak<\/span><br \/>\n<strong>FCI Standard<\/strong><\/strong><\/h3>\n<p><strong><\/strong>FCI-Standard N\u00b0 355 \/ 16.05.2007 \/ GB<\/p>\n<p><strong>ZEMLJA PORIJEKLA:<\/strong> Bosna i Hercegovina i Republika Hrvatska<br \/>\n<strong>DATUM OBJAVE VA\u017dE\u0106EG STANDARDA:<\/strong> 16.05.2007.<br \/>\n<strong>NAMJENA<\/strong>: Pas za \u010duvanje stoke i dvori\u0161ta.<\/p>\n<p><strong>FCI KLASIFIKACIJA:<\/strong><br \/>\nGrupa 2. Pin\u010deri, \u0161nauceri, molosoidne pasmine i \u0161vicarski planinski psi.<br \/>\nSekcija 2.2 Planinski tip.<br \/>\nBez radnog ispita.<\/p>\n<p><strong>OSNOVNI UTISAK:<\/strong> Tornjak je sna\u017ean, velik, dobro povezan i gibak sto\u010darski pas, gotovo kvadrati\u010dnog okvira, ne laganih, ali nipo\u0161to grubih i te\u0161kih kostiju.<br \/>\nOstavlja dojam \u017eivotinje \u010dvrste, vrlo stabilne i uravnote\u017eene u bilo kojem prirodnom pokretu. Tornjak je pas duge, \u010dvrste dlake.<\/p>\n<p><strong>MJERE:<\/strong> Po\u017eeljna visina mu\u017ejaka izme\u0111u 65 i 70 cm, za \u017eenke izme\u0111u 60 i 65 cm. Kvadrati\u010dnog formata. Tornjakova du\u017eina ne smije prelaziti visinu za vi\u0161e od 8%.<\/p>\n<p><strong>PONA\u0160ANJE\/TEMPERAMENT:<\/strong> Stalo\u017een, dobro\u0107udan, hrabar, poslu\u0161an, inteligentan i dostojanstven. Izra\u017eenog samopouzdanja, o\u0161tar kada \u010duva povjerenu mu imovinu, nepodmitljiv i nepovjerljiv prema strancima. Odan gospodaru i u njegovom prisustvu miran. S bliskim osobama zna biti vrlo emocionalan. Brzo u\u010di, dugo pamti i rado izvr\u0161ava povjerene zadatke. Lako prihva\u0107a obuku.<\/p>\n<p><strong>GLAVA:<\/strong> Glava je klinasto izdu\u017eena \u2013 lupoidna. Odnos izme\u0111u lubanjskog i li\u010dnog dijela glave je 1:1.<br \/>\nLubanjski dio: Lubanja je divergentnih linija. Nado\u010dni lukovi su lagano zamjetljivi. Stra\u017enji dio lubanje je izdu\u017een, ali ne i uzak. Iza \u010deonog luka do zatiljka je ravan. Zatiljna kost je blago izra\u017eena.<br \/>\nPredio lica: Nos: je velik, sa dovoljno velikim nozdrvama. Mora biti tamno pigmentiran. Pigmentacija mo\u017ee biti u skladu s bojom oznaka. Ne dozvoljava se depigmentacija.<br \/>\nNju\u0161ka: pravokutna. Nosni hrbat je potpuno ravan. Usne dobro prilije\u017eu \u010deljustima. Vidljive sluznice su tamno pigmentirane.<br \/>\nStop: blago izra\u017een.<br \/>\nVilice\/zubi: \u010celjusti su jake i duge, zubalo potpuno i \u0161karasto.<br \/>\nO\u010di: su bademastog oblika i \u010dvrsto priljubljenih kapaka. Boja o\u010diju je tamna.<br \/>\nU\u0161i: su srednje velike, trokutaste, preklopljene i ne\u0161to vi\u0161e usa\u0111ene. No\u0161ene su uz glavu, priljubljene uz obraze. Odlakane su kra\u0107om dlakom.<\/p>\n<p><strong>VRAT:<\/strong> Vrat je srednje dug i sna\u017ean, ne\u0161to ni\u017ee no\u0161en. Ko\u017ea dobro prilije\u017ee uz vrat. Odlakan je vrlo bujnom, dugom dlakom (grivom).<\/p>\n<p><strong>TIJELO:<\/strong><br \/>\nGreben: Greben je srednje izra\u017een.<br \/>\nLe\u0111a: Le\u0111a tornjaka su kratka, \u010dvrsta, umjereno \u0161iroka i ravna.<br \/>\nSlabine: Veza izme\u0111u grudnog ko\u0161a i sapi je kratka i umjereno \u0161iroka, kod \u017eenki ne\u0161to du\u017ea.<br \/>\nSapi: Sapi su srednje du\u017eine, \u0161iroke i razvijene.<br \/>\nGrudni ko\u0161: Grudni ko\u0161 je vrlo prostran, dubok, \u0161irok i zaobljen.<br \/>\nGrudni ko\u0161 svojom najni\u017eom to\u010dkom dosi\u017ee najmanje do laktova. Nikad nije ba\u010dvast. Prsa su sna\u017ena, mi\u0161i\u0107ava sa srednje izra\u017eenim predprsjem.<br \/>\nTrbuh: Mi\u0161i\u0107je trbuha je \u010dvrsto, a njegova se donja linija nastavlja neusukana, koso od zavr\u0161etka grudne kosti do unutra\u0161njosti prepona.<\/p>\n<p><strong>REP:<\/strong> Rep je dug. Srednje je visoko usa\u0111en i vrlo je pokretljiv. U mirovanju je vise\u0107e no\u0161en, a u kretanju je uvijek podignut iznad razine le\u0111a, \u0161to je pasminska osobina. Bogato je odlakan s izra\u017eenom perjanicom.<\/p>\n<p><strong>UDOVI:<\/strong> Noge su sna\u017ene i pravilnih kutova.<\/p>\n<p><strong>PREDNJI UDOVI<\/strong>: Kosti su sna\u017ene, mi\u0161i\u0107i su izra\u017eeni i \u010dvrsti, me\u0111usobno paralelne, stavovi pravilni.<br \/>\nPle\u0107ka je srednje duga dobro na nazad postavljena. Rameni kut ne\u0161to otvoreniji.<br \/>\nNadlaktica je mi\u0161i\u0107ava i sna\u017ena. Gotovo jednake du\u017eine sa ple\u0107kom.<br \/>\nLaktovi umjereno priljubljeni uz tijelo.<br \/>\nPodlaktica je sna\u017enih kostiju, razvijenih mi\u0161i\u0107a. Okomita u odnosu na horizontalu.<br \/>\nPrednja do\u0161aplja lagano odstupaju od okomice.<br \/>\nPrednje \u0161ape: Prsti su zaobljeni i me\u0111usobno prikupljeni. Nokti pigmentirani, po\u017eeljno \u0161to tamnije. Jastu\u010di\u0107i su elasti\u010dni, \u010dvrsti, tvrdi, a po\u017eeljno je da su tamno pigmentirani. Prednje \u0161ape su sna\u017enije od stra\u017enjih.<\/p>\n<p><strong>STRA\u017dNJI UDOVI:<\/strong> Stra\u017enje noge su me\u0111usobno paralelne, sna\u017ene. Stavovi su pravilni s odgovaraju\u0107im kutovima. Koljeni kut je dobro povijen. Butina je \u0161iroka, sna\u017ena, mi\u0161i\u0107ava.<br \/>\nPotkoljenica je mi\u0161i\u0107ava, sna\u017ena, \u0161iroka, du\u017eine gotovo jednake kao butina. Sko\u010dni zglob je \u010dvrst, ne\u0161to vi\u0161e postavljen. Stra\u017enje do\u0161aplje je sna\u017eno. Mogu\u0107a je pojava \u010daporaka.<br \/>\nStra\u017enje \u0161ape: Prsti su zaobljeni i me\u0111usobno prikupljeni. Nokti pigmentirani, po\u017eeljno \u0161to tamniji. Jastu\u010di\u0107i su elasti\u010dni, \u010dvrsti, tvrdi, a po\u017eeljno je da su tamno pigmentirani.<\/p>\n<p><strong>KRETANJE:<\/strong> Tornjak je kasa\u010d. Kre\u0107e se skladno, izda\u0161no, gipko, harmoni\u010dno, s dobrim potiskom stra\u017enjih nogu, tokom kretanja le\u0111na linija je mirna.<\/p>\n<p><strong>KO\u017dA:<\/strong> Ko\u017ea je debela, dobro prilije\u017ee po tijelu.<\/p>\n<p><strong>DLAKA:<\/strong> Tornjaci su u pravilu dugodlaki s kratkom dlakom na licu i nogama. Pokrovna je dlaka duga, \u010dvrsta, tvrda (kostretasta) i ravna. Posebno je duga na gornjem dijelu sapi. Na prednjem dijelu le\u0111a na ple\u0107kama i le\u0111nom dijelu mo\u017ee biti i blago valovita. Na prednjem dijelu glave do zami\u0161ljene linije koja spaja stra\u017enji dio korijena u\u0161iju, na u\u0161nim \u0161koljkama i s prednje strane nogu i \u0161apama dlaka je kratka. Osobito je izrazito razvijena na vratu (&#8221;griva&#8221;), bogata i duga na podrepnom dijelu butina (&#8221;ga\u0107e&#8221;). Na podlakticama tvori duge zastavice, a posebno je bogata i duga na repu. Zimska poddlaka je duga, vrlo gusta i fino vunasta. Kod osobito dobro odlakanih primjeraka nagla\u0161ena je i na stra\u017enjoj strani stra\u017enjih do\u0161aplja. Dlaka tornjaka je \u010dvrsto zatvorena i ne smije se razdvajati u razdjeljak.<\/p>\n<p><strong>BOJE:<\/strong> Tornjaci su u pravilu vi\u0161ebojni, plo\u010dasto \u0161areni psi, naj\u010de\u0161\u0107e bijele osnovne boje. Mogu\u0107i su i tamni primjerci (pla\u0161tasti, lasasti), s bjelinama naj\u010de\u0161\u0107e oko vrata, na glavi i nogama, kao i gotovo posve bijele \u017eivotinje, s malim plo\u010dastim mrljama.<\/p>\n<p><strong>VELI\u010cINA:<\/strong><br \/>\nVISINA U GREBENU<br \/>\nMu\u017ejaci: 65-70 cm<br \/>\n\u017denke: 60-65 cm<\/p>\n<p><strong>GRE\u0160KE:<\/strong><br \/>\nSvako drugo odstupanje od standarda se ka\u017enjava u zavisnosti od stupnja izra\u017eenosti odstupanja, a posebno:<\/p>\n<ul>\n<li>prelagane ili prete\u0161ke kosti,<\/li>\n<li>prelagana ili prete\u0161ka glava,<\/li>\n<li>gre\u0161ke na u\u0161ima (usa\u0111enost, du\u017eina ili odlakanost),<\/li>\n<li>klje\u0161tasto zubalo,<\/li>\n<li>nedostatak do dva P1, P2, P3 ali ne na istoj strani<\/li>\n<li>preduga le\u0111a,<\/li>\n<li>\u0161aranasta, sedlasta le\u0111a,<\/li>\n<li>izra\u017eena nadgra\u0111enost,<\/li>\n<li>lo\u0161i kutevi,<\/li>\n<li>slaba povezanost laktova,<\/li>\n<li>kukasto povijen rep,<\/li>\n<li>lo\u0161e odlakan rep,<\/li>\n<li>nedovoljno duga dlaka,<\/li>\n<li>tamna maska,<\/li>\n<li>mekane \u0161ape,<\/li>\n<li>odstupanje od visine i proporcije du\u017eine u skladu s tolerancijom +\/- 2 cm,<\/li>\n<\/ul>\n<p><strong>DISKVALIFICIRAJU\u0106E GRE\u0160KE:<\/strong><\/p>\n<ul>\n<li>nedovoljno pasminskih osobina (atipi\u010dnost),<\/li>\n<li>odstupanje od spolnih karakteristika,<\/li>\n<li>agresivni ili pla\u0161ljivi psi,<\/li>\n<li>monorhid, kriptorhid, anorhid,<\/li>\n<li>anomalije u boji i obliku o\u010diju (riblje oko, zlo\u0107udan pogled, nejednaka boja o\u010diju, sljepilo),entropij, ektropij,<\/li>\n<li>predgriz, podgriz,<\/li>\n<li>nedostatak bilo kojeg zuba osim onih gore navedenih kao gre\u0161ke,<\/li>\n<li>prekratka dlaka,<\/li>\n<li>nedostatak poddlake,<\/li>\n<li>rep no\u0161en na le\u0111ima,<\/li>\n<li>bezrepost,<\/li>\n<li>jednobojnost<\/li>\n<li>albinizam,<\/li>\n<li>atipi\u010dni na\u010dini obojenosti,<\/li>\n<li>odstupanje u visini ve\u0107e od dozvoljene tolerancije,<\/li>\n<li>kozmeti\u010dka dotjerivanja i primije\u0107eni estetski i kirur\u0161ki zahvati.<\/li>\n<\/ul>\n<p><strong>Napomena<\/strong> : Mu\u017ejaci moraju imati dva normalno razvijena testisa spu\u0161tena u mo\u0161nje.<\/p>\n","protected":false},"excerpt":{"rendered":"<p>Bosansko-Hercegova\u010dki &#8211; Hrvatski pastirski pas &#8211; Tornjak FCI Standard FCI-Standard N\u00b0 355 \/ 16.05.2007 \/ GB ZEMLJA PORIJEKLA: Bosna i Hercegovina i Republika Hrvatska DATUM OBJAVE VA\u017dE\u0106EG STANDARDA: 16.05.2007. NAMJENA: Pas za \u010duvanje stoke i dvori\u0161ta. FCI KLASIFIKACIJA: Grupa 2. Pin\u010deri, \u0161nauceri, molosoidne pasmine i \u0161vicarski planinski psi. Sekcija 2.2 Planinski tip. Bez radnog ispita. OSNOVNI UTISAK: Tornjak je sna\u017ean, velik, dobro povezan i gibak sto\u010darski pas, gotovo kvadrati\u010dnog okvira, ne laganih, ali nipo\u0161to grubih i te\u0161kih kostiju. Ostavlja dojam \u017eivotinje \u010dvrste, vrlo stabilne i uravnote\u017eene u bilo kojem prirodnom pokretu. Tornjak je pas duge, \u010dvrste dlake. MJERE: Po\u017eeljna visina mu\u017ejaka izme\u0111u 65 i 70 cm, za \u017eenke izme\u0111u 60 i 65 cm. Kvadrati\u010dnog formata. Tornjakova du\u017eina ne smije prelaziti visinu za vi\u0161e od 8%. PONA\u0160ANJE\/TEMPERAMENT: Stalo\u017een, dobro\u0107udan, hrabar, poslu\u0161an, inteligentan i dostojanstven. Izra\u017eenog samopouzdanja, o\u0161tar kada \u010duva povjerenu mu imovinu, nepodmitljiv i nepovjerljiv prema strancima. Odan gospodaru i u njegovom prisustvu miran. S bliskim osobama zna biti vrlo emocionalan. Brzo u\u010di, dugo pamti i rado izvr\u0161ava povjerene zadatke. Lako prihva\u0107a obuku. GLAVA: Glava je klinasto izdu\u017eena \u2013 lupoidna. Odnos izme\u0111u lubanjskog i li\u010dnog dijela glave je 1:1. Lubanjski dio: Lubanja je divergentnih linija. Nado\u010dni lukovi su lagano zamjetljivi. Stra\u017enji dio lubanje je izdu\u017een, ali ne i uzak. Iza \u010deonog luka do zatiljka je ravan. Zatiljna kost je blago izra\u017eena. Predio lica: Nos: je velik, sa dovoljno velikim nozdrvama. Mora biti tamno pigmentiran. Pigmentacija mo\u017ee biti u skladu s bojom oznaka. Ne dozvoljava se depigmentacija. Nju\u0161ka: pravokutna. Nosni hrbat je potpuno ravan. Usne dobro prilije\u017eu \u010deljustima. Vidljive sluznice su tamno pigmentirane. Stop: blago izra\u017een. Vilice\/zubi: \u010celjusti su jake i duge, zubalo potpuno i \u0161karasto. O\u010di: su bademastog oblika i \u010dvrsto priljubljenih kapaka. Boja o\u010diju je [&hellip;]<\/p>\n","protected":false},"author":1,"featured_media":0,"parent":3943,"menu_order":0,"comment_status":"open","ping_status":"open","template":"","meta":[],"_links":{"self":[{"href":"http:\/\/www.bksavez.net\/index.php?rest_route=\/wp\/v2\/pages\/3946"}],"collection":[{"href":"http:\/\/www.bksavez.net\/index.php?rest_route=\/wp\/v2\/pages"}],"about":[{"href":"http:\/\/www.bksavez.net\/index.php?rest_route=\/wp\/v2\/types\/page"}],"author":[{"embeddable":true,"href":"http:\/\/www.bksavez.net\/index.php?rest_route=\/wp\/v2\/users\/1"}],"replies":[{"embeddable":true,"href":"http:\/\/www.bksavez.net\/index.php?rest_route=%2Fwp%2Fv2%2Fcomments&post=3946"}],"version-history":[{"count":9,"href":"http:\/\/www.bksavez.net\/index.php?rest_route=\/wp\/v2\/pages\/3946\/revisions"}],"predecessor-version":[{"id":3999,"href":"http:\/\/www.bksavez.net\/index.php?rest_route=\/wp\/v2\/pages\/3946\/revisions\/3999"}],"up":[{"embeddable":true,"href":"http:\/\/www.bksavez.net\/index.php?rest_route=\/wp\/v2\/pages\/3943"}],"wp:attachment":[{"href":"http:\/\/www.bksavez.net\/index.php?rest_route=%2Fwp%2Fv2%2Fmedia&parent=3946"}],"curies":[{"name":"wp","href":"https:\/\/api.w.org\/{rel}","templated":true}]}}