{"id":5578,"date":"2017-02-18T20:17:50","date_gmt":"2017-02-18T19:17:50","guid":{"rendered":"http:\/\/www.bksavez.net\/?page_id=5578"},"modified":"2017-02-18T20:17:50","modified_gmt":"2017-02-18T19:17:50","slug":"ksubih","status":"publish","type":"page","link":"http:\/\/www.bksavez.net\/?page_id=5578","title":{"rendered":"KSuBiH"},"content":{"rendered":"<p>U cilju\u00a0pravpovremenog informisanja \u010dlanstva BKS-a , sve Odluke koje donese Upravni Odbor KSuBiH bi\u0107e objavljene na ovoj stranici:<\/p>\n<p><a href=\"http:\/\/www.bksavez.net\/wp-content\/uploads\/2017\/02\/Pasminski-klub.pdf\" target=\"_blank\">PRAVILNIK O NA\u010cINU PRIJEMA PASMINSKIH KLUBOVA U \u010cLANSTVO KSuBiH I PRAVIMA I OBVEZAMA \u010cLANOVA<\/a><\/p>\n","protected":false},"excerpt":{"rendered":"<p>U cilju\u00a0pravpovremenog informisanja \u010dlanstva BKS-a , sve Odluke koje donese Upravni Odbor KSuBiH bi\u0107e objavljene na ovoj stranici: PRAVILNIK O NA\u010cINU PRIJEMA PASMINSKIH KLUBOVA U \u010cLANSTVO KSuBiH I PRAVIMA I OBVEZAMA \u010cLANOVA<\/p>\n","protected":false},"author":1,"featured_media":0,"parent":0,"menu_order":0,"comment_status":"closed","ping_status":"closed","template":"","meta":[],"_links":{"self":[{"href":"http:\/\/www.bksavez.net\/index.php?rest_route=\/wp\/v2\/pages\/5578"}],"collection":[{"href":"http:\/\/www.bksavez.net\/index.php?rest_route=\/wp\/v2\/pages"}],"about":[{"href":"http:\/\/www.bksavez.net\/index.php?rest_route=\/wp\/v2\/types\/page"}],"author":[{"embeddable":true,"href":"http:\/\/www.bksavez.net\/index.php?rest_route=\/wp\/v2\/users\/1"}],"replies":[{"embeddable":true,"href":"http:\/\/www.bksavez.net\/index.php?rest_route=%2Fwp%2Fv2%2Fcomments&post=5578"}],"version-history":[{"count":1,"href":"http:\/\/www.bksavez.net\/index.php?rest_route=\/wp\/v2\/pages\/5578\/revisions"}],"predecessor-version":[{"id":5580,"href":"http:\/\/www.bksavez.net\/index.php?rest_route=\/wp\/v2\/pages\/5578\/revisions\/5580"}],"wp:attachment":[{"href":"http:\/\/www.bksavez.net\/index.php?rest_route=%2Fwp%2Fv2%2Fmedia&parent=5578"}],"curies":[{"name":"wp","href":"https:\/\/api.w.org\/{rel}","templated":true}]}}