{"id":5736,"date":"2018-01-26T23:01:40","date_gmt":"2018-01-26T22:01:40","guid":{"rendered":"http:\/\/www.bksavez.net\/?page_id=5736"},"modified":"2021-05-28T21:47:45","modified_gmt":"2021-05-28T19:47:45","slug":"sarajevo-winner-2018","status":"publish","type":"page","link":"http:\/\/www.bksavez.net\/?page_id=5736","title":{"rendered":"Sarajevo Winner 2021"},"content":{"rendered":"<div class=\"\" data-block=\"true\" data-editor=\"5hahh\" data-offset-key=\"6d1la-0-0\">\n<div class=\"_1mf _1mj\" data-offset-key=\"6d1la-0-0\">\n<p><b><strong>Va\u017ene informacije !!!<\/strong><\/b><\/p>\n<p>Broj u\u010desnika na izlo\u017ebi Sarajevo Winner 2021. je ograni\u010den na 350 pasa na CACIB izlo\u017ebama i 50 na klupskim izlo\u017ebama.<br \/>\nPrijave \u00a0\u0107e se primati do limita. Nakon toga se prijave zatvaraju i ne\u0107e biti mogu\u0107e izvr\u0161iti prijavu na izlo\u017ebu.<\/p>\n<p><b><strong>Important information !!!<\/strong><\/b><\/p>\n<p>Entries for Sarajevo Winner 2021 are limited to 350 dogs per CACIB and 50 dogs per Club Show.<br \/>\nEntries will be accepted till limits after that the registrations will be closed and it will not be possible to enter for the shows.<\/p>\n<p><b><strong>Covid rules :<\/strong><\/b><\/p>\n<ul>\n<li>Judging will be in timeslots;<\/li>\n<li>Closure\u00a0of the ring\u00a0when the maximum has been reached;<\/li>\n<li>Following the exceptional situation due to covid, breed judges can be altered without notice;<\/li>\n<li>Full digital ring administration and free online catalog;<\/li>\n<li>Exhibitors are welcome 30\u00a0minutes before and have to leave the show ground immediatly after their judging;<\/li>\n<li>Main ring by FCI Group just after the judgement of the dogs in the concerned group\u00a0only for BOB\u00a0(BIS on sunday);<\/li>\n<li>Visitors are not allowed &#8211; 1 Dog = 1 Person;<\/li>\n<li>Mouth masks\u00a0are mandatory\u00a0in\u00a0 the halls;<\/li>\n<li>Preventive measures according to government regulations at the time of the exhibition;<\/li>\n<li>In case of the show must be cancelled subscription will be refunded minus 5%.<\/li>\n<\/ul>\n<p><b><strong>Respect our regulations, pay respect by giving space to others.<br \/>\nWorking together can make these shows special and unforgettable.\u00a0<\/strong><\/b><\/p>\n<p><b><strong>Covid pravila:<\/strong><\/b><\/p>\n<ul>\n<li>Su\u0111enje \u0107e biti ta\u010dno po satnici;<\/li>\n<li>Prijave se zatvaraju kada do\u0111e do maksimalno dozvoljenog broja u\u010desnika.<\/li>\n<li>U skadu sa covid situacijom suci mogu biti zamjenjeni.<\/li>\n<li>Potpuna digitalna administracija ringa, online katalog.<\/li>\n<li>Izlaga\u010di mogu pristupiti ocjenjivanju 30 minuta prije po\u010detka i mole se da napuste izlo\u017ebeni prostor odmah naknon progla\u0161enja BOB ukoliko ne ostaju u BIS takmi\u010denju.<\/li>\n<li>Posjetitelji nisu dozvoljeni \u2013 1 pas = 1 osoba<\/li>\n<li>Maske su obavezne<\/li>\n<li>Molimo za po\u0161tovanje svih mjera lokalnih vlasti u vrijeme izlo\u017ebe<\/li>\n<li>U slu\u010daju otkazivanja novac \u0107e biti umanjen za 5%.<\/li>\n<\/ul>\n<p><b><strong>Molimo za po\u0161tovanje pravila, samo zajedno mo\u017eemo odr\u017eati uspje\u0161nu izlo\u017ebu.<\/strong><\/b><\/p>\n<p><span style=\"color: inherit; font-size: 1.56em; font-weight: 600;\"><br \/>\nSUCI \/ JUDGES:<\/span><\/p>\n<\/div>\n<\/div>\n<h3 data-wp-editing=\"1\"><strong><img loading=\"lazy\" class=\"aligncenter wp-image-6546 size-full\" src=\"http:\/\/www.bksavez.net\/wp-content\/uploads\/2021\/05\/SW-Raspored-sudija.jpg\" alt=\"\" width=\"1240\" height=\"1754\" srcset=\"http:\/\/www.bksavez.net\/wp-content\/uploads\/2021\/05\/SW-Raspored-sudija-200x283.jpg 200w, http:\/\/www.bksavez.net\/wp-content\/uploads\/2021\/05\/SW-Raspored-sudija-212x300.jpg 212w, http:\/\/www.bksavez.net\/wp-content\/uploads\/2021\/05\/SW-Raspored-sudija-400x566.jpg 400w, http:\/\/www.bksavez.net\/wp-content\/uploads\/2021\/05\/SW-Raspored-sudija-600x849.jpg 600w, http:\/\/www.bksavez.net\/wp-content\/uploads\/2021\/05\/SW-Raspored-sudija-724x1024.jpg 724w, http:\/\/www.bksavez.net\/wp-content\/uploads\/2021\/05\/SW-Raspored-sudija-768x1086.jpg 768w, http:\/\/www.bksavez.net\/wp-content\/uploads\/2021\/05\/SW-Raspored-sudija-800x1132.jpg 800w, http:\/\/www.bksavez.net\/wp-content\/uploads\/2021\/05\/SW-Raspored-sudija-1086x1536.jpg 1086w, http:\/\/www.bksavez.net\/wp-content\/uploads\/2021\/05\/SW-Raspored-sudija-1200x1697.jpg 1200w, http:\/\/www.bksavez.net\/wp-content\/uploads\/2021\/05\/SW-Raspored-sudija.jpg 1240w\" sizes=\"(max-width: 1240px) 100vw, 1240px\" \/><br \/>\n<\/strong><\/h3>\n<h2 data-wp-editing=\"1\"><strong>Program \/ Programme<\/strong><\/h2>\n<p><strong>02.07.2021 &#8211; PETAK \/ Friday<\/strong><\/p>\n<p>17:00 &#8211; Ulazak izlaga\u010da \/ <em>Entrance of exibithors<br \/>\n<\/em>18:00 &#8211; Ocjenjivanje pasa na CACIB 1 izlo\u017ebi \/ <em>Judging in rings CACIB 1<br \/>\n<\/em>20:00 &#8211; Specijalizovana izlo\u017eba pasa III FCI grupe \/ <em>Group III Specialty Show<br \/>\n<\/em>22:00 &#8211; BIS<br \/>\n23:00 &#8211; Zatvaranje izlo\u017ebe \/ <em>Clouser of the Show<\/em><\/p>\n<p><strong>03.07.2021 &#8211; SUBOTA \/ <em>Saturday<\/em><\/strong><\/p>\n<p>17:00 &#8211; Ulazak izlaga\u010da \/ <em>Entrance of exibithors<\/em><br \/>\n18:00 &#8211; Ocjenjivanje pasa na CACIB 1 izlo\u017ebi \/ <em>Judging in rings CACIB 1<\/em><br \/>\n20:00 &#8211; Specijalizovana izlo\u017eba pasa IX FCI grupe \/ <em>Group IX Specialty Show<\/em><br \/>\n22:00 &#8211; BIS<br \/>\n23:00 &#8211; Zatvaranje izlo\u017ebe \/ <em>Clouser of the Show<br \/>\n<\/em><\/p>\n<p><strong>04.07.2021 &#8211; NEDJELJA \/ <em>Sunday<\/em><\/strong><\/p>\n<p>17:00 &#8211; Ulazak izlaga\u010da \/ <em>Entrance of exibithors<\/em><br \/>\n18:00 &#8211; Ocjenjivanje pasa na CACIB 2 izlo\u017ebi \/ <em>Judging in rings CACIB 1<\/em><br \/>\n20:00 &#8211; Specijalizovane izlo\u017ebe \/ <em>Specialty Shows<\/em><br \/>\n22:00 &#8211; BIS<br \/>\n23:00 &#8211; SUPREME BEST IN SHOW<br \/>\n23:30 &#8211; Zatvaranje izlo\u017ebe \/ <em>Clouser of the Show<\/p>\n<p><\/em><\/p>\n<p><strong>\u00a0\ud83c\udfc6 SARAJEVO WINNER 2021 BEST IN SHOW RULES \ud83c\udfc6<\/strong><br \/>\n\ud83e\udd47\ud83e\udd48\ud83e\udd49 FCI Group winners will be selected in the rings after breed judging.<\/p>\n<h2><strong>BEST IN SHOW<\/strong><\/h2>\n<h4><strong>02.07.2021 &#8211; PETAK \/ Friday<\/strong><\/h4>\n<ul>\n<li>JUNIOR HANDLING<\/li>\n<li>BEST MINOR PUPPY IN SHOW (3-6m)<\/li>\n<li>BEST PUPPY IN SHOW (6-9m)<\/li>\n<li>BEST COUPLE IN SHOW<\/li>\n<li>BEST BREEDERS GROUP IN SHOW<\/li>\n<li>BEST VETERAN IN SHOW<\/li>\n<li>JUNIOR BEST IN SHOW<\/li>\n<li>BEST IN SHOW<\/li>\n<\/ul>\n<h4><strong>03.07.2021 &#8211; SUBOTA \/ <em>Saturday<\/em><\/strong><\/h4>\n<ul>\n<li>JUNIOR HANDLING<\/li>\n<li>BEST MINOR PUPPY IN SHOW (3-6m)<\/li>\n<li>BEST PUPPY IN SHOW (6-9m)<\/li>\n<li>BEST COUPLE IN SHOW<\/li>\n<li>BEST BREEDERS GROUP IN SHOW<\/li>\n<li>BEST VETERAN IN SHOW<\/li>\n<li>JUNIOR BEST IN SHOW<\/li>\n<li>BEST IN SHOW<\/li>\n<\/ul>\n<h4><strong>04.07.2021 &#8211; NEDJELJA \/ <em>Sunday<\/em><\/strong><\/h4>\n<ul>\n<li>JUNIOR HANDLING<\/li>\n<li>BEST MINOR PUPPY IN SHOW (3-6m)<\/li>\n<li>BEST PUPPY IN SHOW (6-9m)<\/li>\n<li>BEST COUPLE IN SHOW<\/li>\n<li>BEST BREEDERS GROUP IN SHOW<\/li>\n<li>BEST VETERAN IN SHOW<\/li>\n<li>JUNIOR BEST IN SHOW<\/li>\n<li>BEST IN SHOW<\/li>\n<\/ul>\n<p><strong>\u203c\ufe0f SUPREME BABY (3-6m) BEST IN SHOW \u203c\ufe0f<br \/>\n<\/strong><strong>\u203c\ufe0f SUPREME PUPPY (6-9m) BEST IN SHOW \u203c\ufe0f<br \/>\n<\/strong><strong>\u203c\ufe0f SUPREME VETERAN BEST IN SHOW \u203c\ufe0f<br \/>\n<\/strong><strong>\u203c\ufe0f SUPREME JUNIOR BEST IN SHOW \u203c\ufe0f<\/strong><\/p>\n<p>The winners of the BABY, PUPPY, VETERAN &amp; JUNIOR BEST IN SHOW from all shows 3 CACIB, 4 Specialty Shows\u00a0 and ISPU show will be competing for this title<\/p>\n<p><strong>\ud83c\udff5 SUPREME BEST IN SHOW \ud83c\udff5<\/strong><\/p>\n<p>The winners of the BEST IN SHOW from all shows 3 CACIB, 4 Specialty Shows \u00a0and ISPU show \u00a0will be competing for this title<\/p>\n<h3 data-wp-editing=\"1\"><a href=\"https:\/\/www.onlinedogshows.eu\/en\/Show\/Index\/2076\"><strong>Prijave i uplate \/ Entries and payments\u00a0<\/strong><\/a><\/h3>\n<address>\n<div><strong>JP &#8220;ONSA&#8221; doo Sportska dvorana &#8220;Novo Sarajevo&#8221;<\/strong><\/div>\n<div>Zvorni\u010dka 23<br \/>\n71000 Sarajevo<br \/>\nBosnia and Herzegovina<\/div>\n<\/address>\n<div id=\"map\">\n<div>\n<div><\/div>\n<\/div>\n<\/div>\n","protected":false},"excerpt":{"rendered":"<p>Va\u017ene informacije !!! Broj u\u010desnika na izlo\u017ebi Sarajevo Winner 2021. je ograni\u010den na 350 pasa na CACIB izlo\u017ebama i 50 na klupskim izlo\u017ebama. Prijave \u00a0\u0107e se primati do limita. Nakon toga se prijave zatvaraju i ne\u0107e biti mogu\u0107e izvr\u0161iti prijavu na izlo\u017ebu. Important information !!! Entries for Sarajevo Winner 2021 are limited to 350 dogs per CACIB and 50 dogs per Club Show. Entries will be accepted till limits after that the registrations will be closed and it will not be possible to enter for the shows. Covid rules : Judging will be in timeslots; Closure\u00a0of the ring\u00a0when the maximum has been reached; Following the exceptional situation due to covid, breed judges can be altered without notice; Full digital ring administration and free online catalog; Exhibitors are welcome 30\u00a0minutes before and have to leave the show ground immediatly after their judging; Main ring by FCI Group just after the judgement of the dogs in the concerned group\u00a0only for BOB\u00a0(BIS on sunday); Visitors are not allowed &#8211; 1 Dog = 1 Person; Mouth masks\u00a0are mandatory\u00a0in\u00a0 the halls; Preventive measures according to government regulations at the time of the exhibition; In case of the show must be cancelled subscription will be refunded minus 5%. Respect our regulations, pay respect by giving space to others. Working together can make these shows special and unforgettable.\u00a0 Covid pravila: Su\u0111enje \u0107e biti ta\u010dno po satnici; Prijave se zatvaraju kada do\u0111e do maksimalno dozvoljenog broja u\u010desnika. U skadu sa covid situacijom suci mogu biti zamjenjeni. Potpuna digitalna administracija ringa, online katalog. Izlaga\u010di mogu pristupiti ocjenjivanju 30 minuta prije po\u010detka i mole se da napuste izlo\u017ebeni prostor odmah naknon progla\u0161enja BOB ukoliko ne ostaju u BIS takmi\u010denju. Posjetitelji nisu dozvoljeni \u2013 1 pas [&hellip;]<\/p>\n","protected":false},"author":1,"featured_media":0,"parent":3850,"menu_order":0,"comment_status":"closed","ping_status":"closed","template":"","meta":[],"_links":{"self":[{"href":"http:\/\/www.bksavez.net\/index.php?rest_route=\/wp\/v2\/pages\/5736"}],"collection":[{"href":"http:\/\/www.bksavez.net\/index.php?rest_route=\/wp\/v2\/pages"}],"about":[{"href":"http:\/\/www.bksavez.net\/index.php?rest_route=\/wp\/v2\/types\/page"}],"author":[{"embeddable":true,"href":"http:\/\/www.bksavez.net\/index.php?rest_route=\/wp\/v2\/users\/1"}],"replies":[{"embeddable":true,"href":"http:\/\/www.bksavez.net\/index.php?rest_route=%2Fwp%2Fv2%2Fcomments&post=5736"}],"version-history":[{"count":59,"href":"http:\/\/www.bksavez.net\/index.php?rest_route=\/wp\/v2\/pages\/5736\/revisions"}],"predecessor-version":[{"id":6554,"href":"http:\/\/www.bksavez.net\/index.php?rest_route=\/wp\/v2\/pages\/5736\/revisions\/6554"}],"up":[{"embeddable":true,"href":"http:\/\/www.bksavez.net\/index.php?rest_route=\/wp\/v2\/pages\/3850"}],"wp:attachment":[{"href":"http:\/\/www.bksavez.net\/index.php?rest_route=%2Fwp%2Fv2%2Fmedia&parent=5736"}],"curies":[{"name":"wp","href":"https:\/\/api.w.org\/{rel}","templated":true}]}}