{"id":2367,"date":"2012-12-04T17:27:32","date_gmt":"2012-12-04T17:27:32","guid":{"rendered":"http:\/\/theme-fusion.com\/avada\/?page_id=2367"},"modified":"2024-07-18T09:53:19","modified_gmt":"2024-07-18T07:53:19","slug":"home-version-6","status":"publish","type":"page","link":"https:\/\/www.bksavez.net\/","title":{"rendered":"Po\u010detna"},"content":{"rendered":"<div class=\"fusion-one-half fusion-layout-column fusion-spacing-yes\" style=\"margin-top:0px;margin-bottom:20px;\"><div class=\"fusion-column-wrapper\"><p><img loading=\"lazy\" class=\"aligncenter size-full wp-image-4292\" src=\"http:\/\/www.bksavez.net\/wp-content\/uploads\/2013\/05\/Tornjak.jpg\" alt=\"Tornjak\" width=\"460\" height=\"295\" srcset=\"https:\/\/www.bksavez.net\/wp-content\/uploads\/2013\/05\/Tornjak-300x192.jpg 300w, https:\/\/www.bksavez.net\/wp-content\/uploads\/2013\/05\/Tornjak.jpg 460w\" sizes=\"(max-width: 460px) 100vw, 460px\" \/><a href=\"http:\/\/www.bksavez.net\/wp-content\/uploads\/2013\/05\/Tornjak.png\"><br \/><\/a><\/p>\n<div class=\"fusion-clearfix\"><\/div><\/div><\/div><div class=\"fusion-one-half fusion-layout-column fusion-column-last fusion-spacing-yes\" style=\"margin-top:0px;margin-bottom:20px;\"><div class=\"fusion-column-wrapper\"><div class=\"fusion-title title fusion-title-size-two\" style=\"margin-top:0px;margin-bottom:31px;\"><h2 class=\"title-heading-left\">Dobro do\u0161li!<\/h2><div class=\"title-sep-container\"><div class=\"title-sep sep-double\"><\/div><\/div><\/div><p>Dobro do\u0161li u Bosanski kinolo\u0161ki savez, najstariju kinolo\u0161ku organizaciju u Bosni i Hercegovini, osnovanu 8.10.1993. godine, pod prvobitnim nazivom &#8220;Kinolo\u0161ko dru\u0161tvo Bosne i Hercegovine&#8221;, registrovano rje\u0161enjem Vi\u0161eg suda u Sarajevu. Pod tim nazivom smo radili do 13.2.1997. godine i zbog uskla\u0111ivanja rada sa zakonskim aktima, mijenjamo naziv u &#8220;Kinolo\u0161ki savez Bosne i Hercegovine&#8221;.<\/p>\n<p>Tokom razgovora sa <em>Kinolo\u0161kim savezom Herceg-Bosne<\/em> i <em>Kinolo\u0161kim savezom Republike Srpske<\/em>, koji su se u me\u0111uvremenu registrovali, o formiranju krovne kinolo\u0161ke organizacije, odri\u010demo se svog imena &#8220;Kinolo\u0161ki savez Bosne i Hercegovine&#8221;, jer je to bio ultimativan zahtjev pomenutih saveza, i 9.5.2000. godine, po rje\u0161enju Federalnog ministrastva pravde, svoj daljnji rad nastavljamo pod imenom <strong>&#8220;Bosanski kinolo\u0161ki savez&#8221;.<\/strong><\/p>\n<div class=\"fusion-clearfix\"><\/div><\/div><\/div><div class=\"fusion-clearfix\"><\/div><div class=\"fusion-title title fusion-title-size-two\" style=\"margin-top:0px;margin-bottom:31px;\"><h2 class=\"title-heading-left\">Novosti<\/h2><div class=\"title-sep-container\"><div class=\"title-sep sep-double\"><\/div><\/div><\/div><div class=\"fusion-recent-posts avada-container layout-default layout-columns-4\"><section class=\"fusion-columns columns fusion-columns-4 columns-4\"><div class=\"fusion-column column col col-lg-3 col-md-3 col-sm-3\"><div class=\"recent-posts-content\">\n\t\n\t\t\t<span class=\"vcard\" style=\"display: none;\">\n\t\t\t<span class=\"fn\">\n\t\t\t\t<a href=\"https:\/\/www.bksavez.net\/?author=1\" title=\"Posts by admin\" rel=\"author\">admin<\/a>\t\t\t<\/span>\n\t\t<\/span>\n\t\n\t\t\t<span class=\"updated\" style=\"display:none;\">\n\t\t\t2025-12-16T10:52:57+01:00\t\t<\/span>\n\t\n<h4 class=\"entry-title\"><a href=\"https:\/\/www.bksavez.net\/?p=6698\">\u010clanarine za 2026. godinu<\/a><\/h4><p class=\"meta\"><span><span class=\"date\">December 16th, 2025<\/span><\/span><span class=\"meta-separator\">|<\/span><span><span>Comments Off<span class=\"screen-reader-text\"> on \u010clanarine za 2026. godinu<\/span><\/span><\/span><\/p><p>Pojedina\u010dne \u010dlanarine za 2026 iznose : 50.00KM - Uplate do 25.12.2025. \u010clanarina za kinolo\u0161ke sudije [...]<\/p><\/div><\/div><div class=\"fusion-column column col col-lg-3 col-md-3 col-sm-3\"><div class=\"recent-posts-content\">\n\t\n\t\t\t<span class=\"vcard\" style=\"display: none;\">\n\t\t\t<span class=\"fn\">\n\t\t\t\t<a href=\"https:\/\/www.bksavez.net\/?author=1\" title=\"Posts by admin\" rel=\"author\">admin<\/a>\t\t\t<\/span>\n\t\t<\/span>\n\t\n\t\t\t<span class=\"updated\" style=\"display:none;\">\n\t\t\t2025-12-17T10:22:43+01:00\t\t<\/span>\n\t\n<h4 class=\"entry-title\"><a href=\"https:\/\/www.bksavez.net\/?p=6700\">Sudijski ispit<\/a><\/h4><p class=\"meta\"><span><span class=\"date\">November 24th, 2025<\/span><\/span><span class=\"meta-separator\">|<\/span><span><span>Comments Off<span class=\"screen-reader-text\"> on Sudijski ispit<\/span><\/span><\/span><\/p><p>U skladu sa Statutom BKS i Pravilnikom o stru\u010dnom radu KSuBiH donosim ODLUKU O odr\u017eavanju [...]<\/p><\/div><\/div><div class=\"fusion-column column col col-lg-3 col-md-3 col-sm-3\"><div class=\"fusion-flexslider flexslider flexslider-hover-type-none\"><ul class=\"slides\"><li><a href=\"https:\/\/www.bksavez.net\/?p=6810\" class=\"hover-type-none\"><img src=\"https:\/\/www.bksavez.net\/wp-content\/uploads\/2025\/11\/581136381_1342896847295571_6528360694397437083_n-700x441.jpg\" alt=\"\" \/><\/a><\/li><\/ul><\/div><div class=\"recent-posts-content\">\n\t\n\t\t\t<span class=\"vcard\" style=\"display: none;\">\n\t\t\t<span class=\"fn\">\n\t\t\t\t<a href=\"https:\/\/www.bksavez.net\/?author=1\" title=\"Posts by admin\" rel=\"author\">admin<\/a>\t\t\t<\/span>\n\t\t<\/span>\n\t\n\t\t\t<span class=\"updated\" style=\"display:none;\">\n\t\t\t2025-11-11T16:41:44+01:00\t\t<\/span>\n\t\n<h4 class=\"entry-title\"><a href=\"https:\/\/www.bksavez.net\/?p=6810\">Posljednji pozdrav<\/a><\/h4><p class=\"meta\"><span><span class=\"date\">November 11th, 2025<\/span><\/span><span class=\"meta-separator\">|<\/span><span><span>Comments Off<span class=\"screen-reader-text\"> on Posljednji pozdrav<\/span><\/span><\/span><\/p><p>Sa velikom tugom opra\u0161tamo se od fra Petra Stjepana Krasi\u0107a, osniva\u010da i po\u010dasnog predsjednika KSuBiH. [...]<\/p><\/div><\/div><div class=\"fusion-column column col col-lg-3 col-md-3 col-sm-3\"><div class=\"fusion-flexslider flexslider flexslider-hover-type-none\"><ul class=\"slides\"><li><a href=\"https:\/\/www.bksavez.net\/?p=6732\" class=\"hover-type-none\"><img src=\"https:\/\/www.bksavez.net\/wp-content\/uploads\/2014\/02\/29_blog_wide-1-660x295.jpg\" alt=\"\" \/><\/a><\/li><\/ul><\/div><div class=\"recent-posts-content\">\n\t\n\t\t\t<span class=\"vcard\" style=\"display: none;\">\n\t\t\t<span class=\"fn\">\n\t\t\t\t<a href=\"https:\/\/www.bksavez.net\/?author=1\" title=\"Posts by admin\" rel=\"author\">admin<\/a>\t\t\t<\/span>\n\t\t<\/span>\n\t\n\t\t\t<span class=\"updated\" style=\"display:none;\">\n\t\t\t2025-07-03T10:36:31+02:00\t\t<\/span>\n\t\n<h4 class=\"entry-title\"><a href=\"https:\/\/www.bksavez.net\/?p=6732\">ODLUKA<\/a><\/h4><p class=\"meta\"><span><span class=\"date\">July 1st, 2025<\/span><\/span><span class=\"meta-separator\">|<\/span><span><span>Comments Off<span class=\"screen-reader-text\"> on ODLUKA<\/span><\/span><\/span><\/p><p>U skladu sa statutom Bosanskog kinoloskog saveza i pravilnikom rada Kluba lovnih pasmina BKSa donosim: [...]<\/p><\/div><\/div><div class=\"fusion-clearfix\"><\/div><div class=\"fusion-column column col col-lg-3 col-md-3 col-sm-3\"><div class=\"fusion-flexslider flexslider flexslider-hover-type-none\"><ul class=\"slides\"><li><a href=\"https:\/\/www.bksavez.net\/?p=6770\" class=\"hover-type-none\"><img src=\"https:\/\/www.bksavez.net\/wp-content\/uploads\/2014\/01\/480-logo.png\" alt=\"\" \/><\/a><\/li><\/ul><\/div><div class=\"recent-posts-content\">\n\t\n\t\t\t<span class=\"vcard\" style=\"display: none;\">\n\t\t\t<span class=\"fn\">\n\t\t\t\t<a href=\"https:\/\/www.bksavez.net\/?author=1\" title=\"Posts by admin\" rel=\"author\">admin<\/a>\t\t\t<\/span>\n\t\t<\/span>\n\t\n\t\t\t<span class=\"updated\" style=\"display:none;\">\n\t\t\t2025-06-20T10:28:47+02:00\t\t<\/span>\n\t\n<h4 class=\"entry-title\"><a href=\"https:\/\/www.bksavez.net\/?p=6770\">Kantonalna ocjenska smotra Tuzla<\/a><\/h4><p class=\"meta\"><span><span class=\"date\">June 20th, 2025<\/span><\/span><span class=\"meta-separator\">|<\/span><span><span>Comments Off<span class=\"screen-reader-text\"> on Kantonalna ocjenska smotra Tuzla<\/span><\/span><\/span><\/p><p>Obavje\u0161tavamo \u010dlanove BKS da \u0107e kantonalna ocjenska smotra biti odr\u017eana u Tuzli 21. 06. 2025. [...]<\/p><\/div><\/div><div class=\"fusion-column column col col-lg-3 col-md-3 col-sm-3\"><div class=\"fusion-flexslider flexslider flexslider-hover-type-none\"><ul class=\"slides\"><li><a href=\"https:\/\/www.bksavez.net\/?p=6749\" class=\"hover-type-none\"><img src=\"https:\/\/www.bksavez.net\/wp-content\/uploads\/2014\/01\/480-logo.png\" alt=\"\" \/><\/a><\/li><\/ul><\/div><div class=\"recent-posts-content\">\n\t\n\t\t\t<span class=\"vcard\" style=\"display: none;\">\n\t\t\t<span class=\"fn\">\n\t\t\t\t<a href=\"https:\/\/www.bksavez.net\/?author=1\" title=\"Posts by admin\" rel=\"author\">admin<\/a>\t\t\t<\/span>\n\t\t<\/span>\n\t\n\t\t\t<span class=\"updated\" style=\"display:none;\">\n\t\t\t2025-05-07T10:09:36+02:00\t\t<\/span>\n\t\n<h4 class=\"entry-title\"><a href=\"https:\/\/www.bksavez.net\/?p=6749\">Klub lovnih pasmina Bosanskog kinolo\u0161kog saveza<\/a><\/h4><p class=\"meta\"><span><span class=\"date\">May 7th, 2025<\/span><\/span><span class=\"meta-separator\">|<\/span><span><span>Comments Off<span class=\"screen-reader-text\"> on Klub lovnih pasmina Bosanskog kinolo\u0161kog saveza<\/span><\/span><\/span><\/p><p>U skladu sa statutom\u00a0\u00a0BKS a donosim odluku o sazivanju osniva\u010dke skup\u0161tine za\u00a0 \u00a0\u201cKlub lovnih pasmina [...]<\/p><\/div><\/div><div class=\"fusion-column column col col-lg-3 col-md-3 col-sm-3\"><div class=\"fusion-flexslider flexslider flexslider-hover-type-none\"><ul class=\"slides\"><li><a href=\"https:\/\/www.bksavez.net\/?p=6654\" class=\"hover-type-none\"><img src=\"https:\/\/www.bksavez.net\/wp-content\/uploads\/2014\/01\/480-logo.png\" alt=\"\" \/><\/a><\/li><\/ul><\/div><div class=\"recent-posts-content\">\n\t\n\t\t\t<span class=\"vcard\" style=\"display: none;\">\n\t\t\t<span class=\"fn\">\n\t\t\t\t<a href=\"https:\/\/www.bksavez.net\/?author=1\" title=\"Posts by admin\" rel=\"author\">admin<\/a>\t\t\t<\/span>\n\t\t<\/span>\n\t\n\t\t\t<span class=\"updated\" style=\"display:none;\">\n\t\t\t2025-03-19T10:27:34+01:00\t\t<\/span>\n\t\n<h4 class=\"entry-title\"><a href=\"https:\/\/www.bksavez.net\/?p=6654\">PRIJAVA<\/a><\/h4><p class=\"meta\"><span><span class=\"date\">March 19th, 2025<\/span><\/span><span class=\"meta-separator\">|<\/span><span><span>Comments Off<span class=\"screen-reader-text\"> on PRIJAVA<\/span><\/span><\/span><\/p><p>Specijalizovana izlo\u017eba njema\u010dkih ov\u010dara Memorijal Neboj\u0161a \u0110uki\u0107- Lakosta  <\/p><\/div><\/div><div class=\"fusion-column column col col-lg-3 col-md-3 col-sm-3\"><div class=\"fusion-flexslider flexslider flexslider-hover-type-none\"><ul class=\"slides\"><li><a href=\"https:\/\/www.bksavez.net\/?p=6634\" class=\"hover-type-none\"><img src=\"https:\/\/www.bksavez.net\/wp-content\/uploads\/2014\/01\/480-logo.png\" alt=\"\" \/><\/a><\/li><li><a href=\"https:\/\/www.bksavez.net\/?p=6634\" class=\"hover-type-none\"><img src=\"https:\/\/www.bksavez.net\/wp-content\/uploads\/2014\/01\/480-logo.png\" alt=\"\" \/><\/a><\/li><\/ul><\/div><div class=\"recent-posts-content\">\n\t\n\t\t\t<span class=\"vcard\" style=\"display: none;\">\n\t\t\t<span class=\"fn\">\n\t\t\t\t<a href=\"https:\/\/www.bksavez.net\/?author=1\" title=\"Posts by admin\" rel=\"author\">admin<\/a>\t\t\t<\/span>\n\t\t<\/span>\n\t\n\t\t\t<span class=\"updated\" style=\"display:none;\">\n\t\t\t2024-09-04T10:12:56+02:00\t\t<\/span>\n\t\n<h4 class=\"entry-title\"><a href=\"https:\/\/www.bksavez.net\/?p=6634\">Godi\u0161nji odmor!<\/a><\/h4><p class=\"meta\"><span><span class=\"date\">September 3rd, 2024<\/span><\/span><span class=\"meta-separator\">|<\/span><span><span>Comments Off<span class=\"screen-reader-text\"> on Godi\u0161nji odmor!<\/span><\/span><\/span><\/p><p>Obavje\u0161tavamo Vas\u00a0da Bosanski kinolo\u0161ki savez\u00a0ne\u0107e raditi od 4. 09. 2024.do 23.09.2024. godine. &nbsp;Hvala na razumijevanju.<\/p><\/div><\/div><div class=\"fusion-clearfix\"><\/div><div class=\"fusion-column column col col-lg-3 col-md-3 col-sm-3\"><div class=\"fusion-flexslider flexslider flexslider-hover-type-none\"><ul class=\"slides\"><li><a href=\"https:\/\/www.bksavez.net\/?p=6772\" class=\"hover-type-none\"><img src=\"https:\/\/www.bksavez.net\/wp-content\/uploads\/2024\/08\/il_1588xN.3038649143_9gl4-700x441.jpg\" alt=\"\" \/><\/a><\/li><\/ul><\/div><div class=\"recent-posts-content\">\n\t\n\t\t\t<span class=\"vcard\" style=\"display: none;\">\n\t\t\t<span class=\"fn\">\n\t\t\t\t<a href=\"https:\/\/www.bksavez.net\/?author=1\" title=\"Posts by admin\" rel=\"author\">admin<\/a>\t\t\t<\/span>\n\t\t<\/span>\n\t\n\t\t\t<span class=\"updated\" style=\"display:none;\">\n\t\t\t2024-08-20T11:04:51+02:00\t\t<\/span>\n\t\n<h4 class=\"entry-title\"><a href=\"https:\/\/www.bksavez.net\/?p=6772\">Ispit za markirantske licence<\/a><\/h4><p class=\"meta\"><span><span class=\"date\">August 20th, 2024<\/span><\/span><span class=\"meta-separator\">|<\/span><span><span>Comments Off<span class=\"screen-reader-text\"> on Ispit za markirantske licence<\/span><\/span><\/span><\/p><p>Obavje\u0161tenje&nbsp; ispit- polaganje za markirantske licence (pomo\u0107no stru\u010dno lice za FCI IGP diciplinu C) BKS [...]<\/p><\/div><\/div><div class=\"fusion-column column col col-lg-3 col-md-3 col-sm-3\"><div class=\"fusion-flexslider flexslider flexslider-hover-type-none\"><ul class=\"slides\"><li><a href=\"https:\/\/www.bksavez.net\/?p=6754\" class=\"hover-type-none\"><img src=\"https:\/\/www.bksavez.net\/wp-content\/uploads\/2024\/07\/EDS_WEB-4_EDS24_1200x625-1-700x441.jpg\" alt=\"\" \/><\/a><\/li><\/ul><\/div><div class=\"recent-posts-content\">\n\t\n\t\t\t<span class=\"vcard\" style=\"display: none;\">\n\t\t\t<span class=\"fn\">\n\t\t\t\t<a href=\"https:\/\/www.bksavez.net\/?author=1\" title=\"Posts by admin\" rel=\"author\">admin<\/a>\t\t\t<\/span>\n\t\t<\/span>\n\t\n\t\t\t<span class=\"updated\" style=\"display:none;\">\n\t\t\t2024-07-18T09:48:23+02:00\t\t<\/span>\n\t\n<h4 class=\"entry-title\"><a href=\"https:\/\/www.bksavez.net\/?p=6754\">European FCI Dog Show Celje, Slovenia 2024<\/a><\/h4><p class=\"meta\"><span><span class=\"date\">July 18th, 2024<\/span><\/span><span class=\"meta-separator\">|<\/span><span><span>Comments Off<span class=\"screen-reader-text\"> on European FCI Dog Show Celje, Slovenia 2024<\/span><\/span><\/span><\/p><p>https:\/\/eds2024.si<\/p><\/div><\/div><div class=\"fusion-column column col col-lg-3 col-md-3 col-sm-3\"><div class=\"fusion-flexslider flexslider flexslider-hover-type-none\"><ul class=\"slides\"><li><a href=\"https:\/\/www.bksavez.net\/?p=6746\" class=\"hover-type-none\"><img src=\"https:\/\/www.bksavez.net\/wp-content\/uploads\/2014\/01\/480-logo.png\" alt=\"\" \/><\/a><\/li><\/ul><\/div><div class=\"recent-posts-content\">\n\t\n\t\t\t<span class=\"vcard\" style=\"display: none;\">\n\t\t\t<span class=\"fn\">\n\t\t\t\t<a href=\"https:\/\/www.bksavez.net\/?author=1\" title=\"Posts by admin\" rel=\"author\">admin<\/a>\t\t\t<\/span>\n\t\t<\/span>\n\t\n\t\t\t<span class=\"updated\" style=\"display:none;\">\n\t\t\t2024-04-01T21:34:16+02:00\t\t<\/span>\n\t\n<h4 class=\"entry-title\"><a href=\"https:\/\/www.bksavez.net\/?p=6746\">CJENOVNIK NAKNADA I USLUGA KINOLO\u0160KOG SAVEZA U BOSNI I HERCEGOVINI<\/a><\/h4><p class=\"meta\"><span><span class=\"date\">April 1st, 2024<\/span><\/span><span class=\"meta-separator\">|<\/span><span><span>Comments Off<span class=\"screen-reader-text\"> on CJENOVNIK NAKNADA I USLUGA KINOLO\u0160KOG SAVEZA U BOSNI I HERCEGOVINI<\/span><\/span><\/span><\/p><p>Skuop\u0161tina KSuBiH je na redovnoj skup\u0161tini jednoglasno potvrdila novi cjenovnik naknada (u cjenovniku\u00a0su navedene minimalne [...]<\/p><\/div><\/div><div class=\"fusion-column column col col-lg-3 col-md-3 col-sm-3\"><div class=\"fusion-flexslider flexslider flexslider-hover-type-none\"><ul class=\"slides\"><li><a href=\"https:\/\/www.bksavez.net\/?p=6742\" class=\"hover-type-none\"><img src=\"https:\/\/www.bksavez.net\/wp-content\/uploads\/2024\/03\/431309139_267569979737830_6123306521069073432_n.jpg\" alt=\"\" \/><\/a><\/li><\/ul><\/div><div class=\"recent-posts-content\">\n\t\n\t\t\t<span class=\"vcard\" style=\"display: none;\">\n\t\t\t<span class=\"fn\">\n\t\t\t\t<a href=\"https:\/\/www.bksavez.net\/?author=1\" title=\"Posts by admin\" rel=\"author\">admin<\/a>\t\t\t<\/span>\n\t\t<\/span>\n\t\n\t\t\t<span class=\"updated\" style=\"display:none;\">\n\t\t\t2024-03-24T16:13:07+01:00\t\t<\/span>\n\t\n<h4 class=\"entry-title\"><a href=\"https:\/\/www.bksavez.net\/?p=6742\">Napustio nas je Neboj\u0161a \u0110uki\u0107<\/a><\/h4><p class=\"meta\"><span><span class=\"date\">March 24th, 2024<\/span><\/span><span class=\"meta-separator\">|<\/span><span><span>Comments Off<span class=\"screen-reader-text\"> on Napustio nas je Neboj\u0161a \u0110uki\u0107<\/span><\/span><\/span><\/p><p>Sa velikim \u017ealjenjem obavje\u0161tavamo vas da je preminuo Neboj\u0161a \u0110uki\u0107, na\u0161 \u010dlan i veliki prijatelj. [...]<\/p><\/div><\/div><div class=\"fusion-clearfix\"><\/div><\/section><\/div>\n\n\n<figure class=\"wp-block-image\"><img alt=\"\"\/><\/figure>\n","protected":false},"excerpt":{"rendered":"","protected":false},"author":1,"featured_media":0,"parent":0,"menu_order":0,"comment_status":"open","ping_status":"closed","template":"","meta":[],"_links":{"self":[{"href":"https:\/\/www.bksavez.net\/index.php?rest_route=\/wp\/v2\/pages\/2367"}],"collection":[{"href":"https:\/\/www.bksavez.net\/index.php?rest_route=\/wp\/v2\/pages"}],"about":[{"href":"https:\/\/www.bksavez.net\/index.php?rest_route=\/wp\/v2\/types\/page"}],"author":[{"embeddable":true,"href":"https:\/\/www.bksavez.net\/index.php?rest_route=\/wp\/v2\/users\/1"}],"replies":[{"embeddable":true,"href":"https:\/\/www.bksavez.net\/index.php?rest_route=%2Fwp%2Fv2%2Fcomments&post=2367"}],"version-history":[{"count":43,"href":"https:\/\/www.bksavez.net\/index.php?rest_route=\/wp\/v2\/pages\/2367\/revisions"}],"predecessor-version":[{"id":6764,"href":"https:\/\/www.bksavez.net\/index.php?rest_route=\/wp\/v2\/pages\/2367\/revisions\/6764"}],"wp:attachment":[{"href":"https:\/\/www.bksavez.net\/index.php?rest_route=%2Fwp%2Fv2%2Fmedia&parent=2367"}],"curies":[{"name":"wp","href":"https:\/\/api.w.org\/{rel}","templated":true}]}}