{"id":3948,"date":"2013-05-15T11:21:14","date_gmt":"2013-05-15T09:21:14","guid":{"rendered":"http:\/\/www.bksavez.net\/?page_id=3948"},"modified":"2013-05-22T23:18:56","modified_gmt":"2013-05-22T21:18:56","slug":"barak","status":"publish","type":"page","link":"https:\/\/www.bksavez.net\/?page_id=3948","title":{"rendered":"Barak"},"content":{"rendered":"<h2 style=\"text-align: center;\" align=\"left\"><img loading=\"lazy\" class=\"aligncenter size-full wp-image-4291\" alt=\"Barak\" src=\"http:\/\/www.bksavez.net\/wp-content\/uploads\/2013\/05\/Barak.jpg\" width=\"460\" height=\"295\" srcset=\"https:\/\/www.bksavez.net\/wp-content\/uploads\/2013\/05\/Barak-300x192.jpg 300w, https:\/\/www.bksavez.net\/wp-content\/uploads\/2013\/05\/Barak.jpg 460w\" sizes=\"(max-width: 460px) 100vw, 460px\" \/><\/h2>\n<h3><span style=\"color: #1a80b6;\">Bosanski o\u0161trodlaki goni\u010d &#8211; Barak<\/span><br \/>\nFCI Standard<\/h3>\n<p align=\"left\">Barak se vodi u evidenciju FCI Standard 155.<br \/>\nPorijeklo: Bosna i Hercegovina<br \/>\nDatum porijekla va\u017ee\u0107eg standarda: 15.01.1973. god.<\/p>\n<p align=\"left\"><strong>Op\u0107i izgled i osobine<\/strong><br \/>\n<strong>Opis<\/strong>: To je sna\u017ean pas sa dugom i \u010dekinjastom dlakom, duge i srednje \u0161iroke glave, izra\u017eenih i gustih obrva, hrabar, temperamentan, strogog izraza, uporan.<br \/>\n<strong>Osnovne boje su<\/strong>: \u017eutocrvena ili zemljano siva, sa manjim bijelim povr\u0161inama na donjim dijelovima tijela.<br \/>\n<strong>Visina<\/strong>: greben 46-50 cm; po\u017eeljna je 52 cm. Kuje su ne\u0161to ni\u017ee.<br \/>\n<strong>Te\u017eina<\/strong> je 16-24 kg, po\u017eeljna je 20kg.<br \/>\n<strong>Du\u017eina<\/strong>: trup treba da je 10% du\u017ei od visine.<br \/>\n<strong>Upotreba<\/strong>: dobar, istrajan i uporan goni\u010d, sa srednje visokim do dubokim glasom.<\/p>\n<p align=\"left\"><strong>Glava<\/strong>: potiljna kost izra\u017eena, \u010delo neznatno ispup\u010deno, nosnik prav. Nju\u0161ka sna\u017ena i pravougaona, obrasla gustim brkovima i bradom, a gledano odozgo, srednje \u0161iroka i su\u017eava se prema nosu. Lobanja je ne\u0161to du\u017ea od nju\u0161ke. Du\u017eina glave je 20-25 cm.<br \/>\n<strong>Lobanja<\/strong>: O\u010dni lukovi su jako izra\u017eeni, dok je \u010deona brazda srednje izra\u017eena (pri pipanju).<br \/>\n<strong>Stop<\/strong>: blago izra\u017een.<br \/>\n<strong>Nju\u0161ka<\/strong>: sna\u017ena, duga, duboka, u korijenu \u0161ira, su\u017eava se prema nosu.<br \/>\n<strong>Nos<\/strong>: nosna pe\u010durka \u0161iroka, nozdrve \u0161iroke, duboko razvijene, crne ili zatvorenosme\u0111e \u2013 kestenjste boje.<br \/>\n<strong>Usne<\/strong>: duboko pripijene i ne\u0161to mesnatije.<br \/>\n<strong>Zubi<\/strong>: jaki, makazasti i potpuni.<br \/>\n<strong>O\u010di<\/strong>: krupne, ovalne, kestenjaste boje, pametnog i veselog izraza.<br \/>\n<strong>U\u0161i<\/strong>: srednje, visoko usa\u0111ene, srednje duge i \u0161iroke. Prema vrhu su tanje i zokru\u017eene, pravo vise, ne\u0161to punije.<br \/>\n<strong>Vrat<\/strong>: prelaz u potiljnom dijelu je izra\u017een i koso na trup usa\u0111en. Sna\u017ean, srednje \u0161irok, a prema grudima se pove\u0107ava. Ko\u017ea je pripijena, elasti\u010dna, na cijeloj povr\u0161ini odlakana.<\/p>\n<p align=\"left\"><strong>Trup<\/strong>: Linija le\u0111a se blago spu\u0161ta od grebena prema sapima. Greben srednje izra\u017een. Le\u0111a \u0161iroka i puna &#8211; mi\u0161i\u0107ava, slabinski dio kratak i mi\u0161i\u0107av. Sapi su blago nategnute i \u0161iroke (naro\u010dito u \u017eenki). Kukovi malo primjetni.<br \/>\n<strong>Grudni ko\u0161<\/strong>: dug, srednje \u0161irok, slabo zaobljen i dubok bar do laktova. Prsa srednje \u0161iroka.<br \/>\n<strong>Trbuh i bokovi<\/strong>: blago prikupljeni.<br \/>\n<strong>Rep<\/strong>: srednje visoko usa\u0111en, u korjenu deblji, prema vrhu se su\u017eava i dopire do sko\u010dnog zgloba ili ga malo prelazi. No\u0161en ne\u0161to malo nagore, povijen. Dobro odlakan.<br \/>\n<strong>Prednje noge:<\/strong> pravilnih stavova gledano sa strane i sprijeda. Ple\u0107ke duge, kose i mi\u0161i\u0107ave. Nadlaktica duga i mi\u0161i\u0107ava. Lakat umjereno priljubljen. Nadlaktica i podlaketica treba da sklapaju ugao od 90 stepeni. Podlaktica je vertikalna, mi\u0161i\u0107ava i prava, sa jakim kostima. \u0160aplje je slabo primjetno. Do\u0161aplje je vetrikalno i blago nagnuto do 10 stepeni i kratko. \u0160ape ma\u010dije, skupljene, sa punim i tvrdim tabanima i jakim noktima, dobro pigmentiranim.<br \/>\n<strong>Zadnje noge:<\/strong> pravilni stavovi gledani, sa strane i otpozadi. Butine su srednje duge, \u0161iroke i mi\u0161i\u0107ava. Potkoljenica je jaka, duga, kosa i mi\u0161i\u0107ava. Sko\u010dni zglob sna\u017ean i dobro postavljen. Do\u0161aplje je vertikalno, kratko i sna\u017eno. Zadnje \u0161ape su, ne\u0161to, du\u017ee od prednjih. Hod je izda\u0161an i siguran. Ko\u017ea je srednje debela, elasti\u010dna, pripijena, dobro pigmentirana i dobro odlakana. Dlaka je duga, o\u0161tra i rastresito str\u0161e\u0107a, sa gustom podlakom.<br \/>\n<strong>Boja<\/strong>: osnovna boja je p\u0161eni\u010dno \u017euta, \u017eutocrvena, zemljanosiva, tamnosiva. \u010cesto sa bijelim pov\u0161inama po glavi u obliku lise, nosniku, podvratku, grudima, donjim djelovima nogu ili na vrhu repa. Boja mo\u017ee biti kombinovana od navedenih \u2013 dvobojni ili trobojni psi.<\/p>\n<p align=\"left\"><strong>Lak\u0161e mane:<\/strong> \u0161ira i te\u017ea glava. Slabija pigmentacija o\u010diju i vidljivih sluzoko\u017ea. Klje\u0161talo zubalo, naborane i odstoje\u0107e u\u0161i. Podgu\u0161njak slabije izra\u017een. Nepravilnost u stavovima i uglovima nogu. Pre\u0161iroke ili prepilitke grudi. Blago ulegnuta ili izba\u010dena le\u0111a. Zaperci. Slabije izra\u017eena neproporcionalnost pojedinih dijelova tijela.<\/p>\n<p align=\"left\"><strong>Diskvalifikacione mane:<\/strong> izrazito neplemenita glava. Suvi\u0161e svijetle i riblje o\u010di. Depigmentacija nosa i vidljivih sluzoko\u017ea. Ja\u010da nesrazmjernost izme\u0111u pojedinih djelova tijela. Naro\u010dito jako izra\u017eeno &#8220;O&#8221; i &#8220;X&#8221; stavovi nogu. Visine i du\u017eine nedovoljne ili pretjerane. Iskrivljen ili uvrnut rep. Degenerativne pojave na zubima (podgriza\u010d, predgriza\u010d, nedostatak zuba) i polnim organima. Preduga, meka, talasasta i kovrd\u017eava dlaka. Sve druge boje osim navedenih: kao \u010dokoladna i crna, a naro\u010dito crno sedlo ili crni pla\u0161t.<\/p>\n","protected":false},"excerpt":{"rendered":"<p>Bosanski o\u0161trodlaki goni\u010d &#8211; Barak FCI Standard Barak se vodi u evidenciju FCI Standard 155. Porijeklo: Bosna i Hercegovina Datum porijekla va\u017ee\u0107eg standarda: 15.01.1973. god. Op\u0107i izgled i osobine Opis: To je sna\u017ean pas sa dugom i \u010dekinjastom dlakom, duge i srednje \u0161iroke glave, izra\u017eenih i gustih obrva, hrabar, temperamentan, strogog izraza, uporan. Osnovne boje su: \u017eutocrvena ili zemljano siva, sa manjim bijelim povr\u0161inama na donjim dijelovima tijela. Visina: greben 46-50 cm; po\u017eeljna je 52 cm. Kuje su ne\u0161to ni\u017ee. Te\u017eina je 16-24 kg, po\u017eeljna je 20kg. Du\u017eina: trup treba da je 10% du\u017ei od visine. Upotreba: dobar, istrajan i uporan goni\u010d, sa srednje visokim do dubokim glasom. Glava: potiljna kost izra\u017eena, \u010delo neznatno ispup\u010deno, nosnik prav. Nju\u0161ka sna\u017ena i pravougaona, obrasla gustim brkovima i bradom, a gledano odozgo, srednje \u0161iroka i su\u017eava se prema nosu. Lobanja je ne\u0161to du\u017ea od nju\u0161ke. Du\u017eina glave je 20-25 cm. Lobanja: O\u010dni lukovi su jako izra\u017eeni, dok je \u010deona brazda srednje izra\u017eena (pri pipanju). Stop: blago izra\u017een. Nju\u0161ka: sna\u017ena, duga, duboka, u korijenu \u0161ira, su\u017eava se prema nosu. Nos: nosna pe\u010durka \u0161iroka, nozdrve \u0161iroke, duboko razvijene, crne ili zatvorenosme\u0111e \u2013 kestenjste boje. Usne: duboko pripijene i ne\u0161to mesnatije. Zubi: jaki, makazasti i potpuni. O\u010di: krupne, ovalne, kestenjaste boje, pametnog i veselog izraza. U\u0161i: srednje, visoko usa\u0111ene, srednje duge i \u0161iroke. Prema vrhu su tanje i zokru\u017eene, pravo vise, ne\u0161to punije. Vrat: prelaz u potiljnom dijelu je izra\u017een i koso na trup usa\u0111en. Sna\u017ean, srednje \u0161irok, a prema grudima se pove\u0107ava. Ko\u017ea je pripijena, elasti\u010dna, na cijeloj povr\u0161ini odlakana. Trup: Linija le\u0111a se blago spu\u0161ta od grebena prema sapima. Greben srednje izra\u017een. Le\u0111a \u0161iroka i puna &#8211; mi\u0161i\u0107ava, slabinski dio kratak i mi\u0161i\u0107av. Sapi su blago nategnute i \u0161iroke [&hellip;]<\/p>\n","protected":false},"author":1,"featured_media":0,"parent":3943,"menu_order":0,"comment_status":"open","ping_status":"open","template":"","meta":[],"_links":{"self":[{"href":"https:\/\/www.bksavez.net\/index.php?rest_route=\/wp\/v2\/pages\/3948"}],"collection":[{"href":"https:\/\/www.bksavez.net\/index.php?rest_route=\/wp\/v2\/pages"}],"about":[{"href":"https:\/\/www.bksavez.net\/index.php?rest_route=\/wp\/v2\/types\/page"}],"author":[{"embeddable":true,"href":"https:\/\/www.bksavez.net\/index.php?rest_route=\/wp\/v2\/users\/1"}],"replies":[{"embeddable":true,"href":"https:\/\/www.bksavez.net\/index.php?rest_route=%2Fwp%2Fv2%2Fcomments&post=3948"}],"version-history":[{"count":7,"href":"https:\/\/www.bksavez.net\/index.php?rest_route=\/wp\/v2\/pages\/3948\/revisions"}],"predecessor-version":[{"id":3993,"href":"https:\/\/www.bksavez.net\/index.php?rest_route=\/wp\/v2\/pages\/3948\/revisions\/3993"}],"up":[{"embeddable":true,"href":"https:\/\/www.bksavez.net\/index.php?rest_route=\/wp\/v2\/pages\/3943"}],"wp:attachment":[{"href":"https:\/\/www.bksavez.net\/index.php?rest_route=%2Fwp%2Fv2%2Fmedia&parent=3948"}],"curies":[{"name":"wp","href":"https:\/\/api.w.org\/{rel}","templated":true}]}}