{"id":5837,"date":"2018-02-19T10:47:43","date_gmt":"2018-02-19T09:47:43","guid":{"rendered":"http:\/\/www.bksavez.net\/?page_id=5837"},"modified":"2022-10-24T09:00:05","modified_gmt":"2022-10-24T07:00:05","slug":"bihac-dog-show-2018","status":"publish","type":"page","link":"https:\/\/www.bksavez.net\/?page_id=5837","title":{"rendered":"Klupska  izlo\u017eba za dobermane"},"content":{"rendered":"<p><img loading=\"lazy\" class=\"aligncenter wp-image-6660 size-full\" src=\"http:\/\/www.bksavez.net\/wp-content\/uploads\/2022\/09\/Doberman-Club-Show8.jpg\" alt=\"\" width=\"800\" height=\"541\" srcset=\"https:\/\/www.bksavez.net\/wp-content\/uploads\/2022\/09\/Doberman-Club-Show8-200x135.jpg 200w, https:\/\/www.bksavez.net\/wp-content\/uploads\/2022\/09\/Doberman-Club-Show8-300x203.jpg 300w, https:\/\/www.bksavez.net\/wp-content\/uploads\/2022\/09\/Doberman-Club-Show8-400x271.jpg 400w, https:\/\/www.bksavez.net\/wp-content\/uploads\/2022\/09\/Doberman-Club-Show8-600x406.jpg 600w, https:\/\/www.bksavez.net\/wp-content\/uploads\/2022\/09\/Doberman-Club-Show8-768x519.jpg 768w, https:\/\/www.bksavez.net\/wp-content\/uploads\/2022\/09\/Doberman-Club-Show8.jpg 800w\" sizes=\"(max-width: 800px) 100vw, 800px\" \/><\/p>\n<p><strong>Sudija \/ Judge<br \/>\n<\/strong><em>Mateja Steinberger<\/em> (SLO)<\/p>\n<p><strong>Provjera hrabrosti\/Courage test<br \/>\n<\/strong>Benjamin Jasarevic (BiH)<\/p>\n<p><strong>Markirant\/Helper:<\/strong><br \/>\nRiad Djulbic<\/p>\n<p><strong>CIJENE \/ ETRY FEE<\/strong><\/p>\n<ul>\n<li>prvi pas \/ first dog \u2013 60,00 KM \/ 30 \u20ac<\/li>\n<li>drugi \u00a0pas istog vlasnika \u00a0\u2013 50,00 KM \/ 25 \u20ac<\/li>\n<li>\u0161tenci i veterani \/ puppy, veterans \u2013 50,00 KM \/ 25 \u20ac<\/li>\n<\/ul>\n<p><strong>PLA\u0106ANJE ZA DOMA\u0106E IZLAGA\u010cE<\/strong><br \/>\nBosanski kinolo\u0161ki savez, Nusreta \u0160i\u0161i\u0107a Dede 7, Sarajevo, BiH<br \/>\nBanka: NLB Banka d.d., Tuzla 1322600311545692<\/p>\n<p><strong>PAYMENT TO BANK ACCOUNT FOR FOREINGHERS<br \/>\n<\/strong>Bosanski kinolo\u0161ki savez, Nusreta \u0160i\u0161i\u0107a Dede 7, 71000 Sarajevo, B&amp;H<br \/>\nBank: NLB Banka d.d., Tuzla account no.SI56029130253424382EUR<br \/>\nSWIFT: TBTUBA22 IBAN code: BA 391322610087374569<\/p>\n<div>\n<p><strong>KONTAKT \/ CONTACT<br \/>\n<\/strong>E-mail: bksdoberman@yahoo.com<br \/>\nTel: 00387 61 194 795 (Viber. Whatsapp)<\/p>\n<h4 data-fontsize=\"13\" data-lineheight=\"20\"><span style=\"color: #ff0000;\"><br \/>\nZADNJI ROK ZA PRIJAVU 26. 10. 2022.!!!<\/span><\/h4>\n<\/div>\n<div class=\"fusion-button-wrapper\"><style type=\"text\/css\" scoped=\"scoped\">.fusion-button.button-1{width:auto;}<\/style><a class=\"fusion-button button-flat button-round button-small button-blue button-1\" target=\"_self\" href=\"https:\/\/www.bksavez.net\/?p=6664\"><span class=\"fusion-button-text\"> <strong>PRIJAVNICA<\/strong> \/ <strong>ENTRY FORM\u00a0<\/strong><\/span><\/a><\/div>\n<div><\/div>\n","protected":false},"excerpt":{"rendered":"<p>Sudija \/ Judge Mateja Steinberger (SLO) Provjera hrabrosti\/Courage test Benjamin Jasarevic (BiH) Markirant\/Helper: Riad Djulbic CIJENE \/ ETRY FEE prvi pas \/ first dog \u2013 60,00 KM \/ 30 \u20ac drugi \u00a0pas istog vlasnika \u00a0\u2013 50,00 KM \/ 25 \u20ac \u0161tenci i veterani \/ puppy, veterans \u2013 50,00 KM \/ 25 \u20ac PLA\u0106ANJE ZA DOMA\u0106E IZLAGA\u010cE Bosanski kinolo\u0161ki savez, Nusreta \u0160i\u0161i\u0107a Dede 7, Sarajevo, BiH Banka: NLB Banka d.d., Tuzla 1322600311545692 PAYMENT TO BANK ACCOUNT FOR FOREINGHERS Bosanski kinolo\u0161ki savez, Nusreta \u0160i\u0161i\u0107a Dede 7, 71000 Sarajevo, B&amp;H Bank: NLB Banka d.d., Tuzla account no.SI56029130253424382EUR SWIFT: TBTUBA22 IBAN code: BA 391322610087374569 KONTAKT \/ CONTACT E-mail: bksdoberman@yahoo.com Tel: 00387 61 194 795 (Viber. Whatsapp) ZADNJI ROK ZA PRIJAVU 26. 10. 2022.!!!<\/p>\n","protected":false},"author":1,"featured_media":0,"parent":3850,"menu_order":0,"comment_status":"closed","ping_status":"closed","template":"","meta":[],"_links":{"self":[{"href":"https:\/\/www.bksavez.net\/index.php?rest_route=\/wp\/v2\/pages\/5837"}],"collection":[{"href":"https:\/\/www.bksavez.net\/index.php?rest_route=\/wp\/v2\/pages"}],"about":[{"href":"https:\/\/www.bksavez.net\/index.php?rest_route=\/wp\/v2\/types\/page"}],"author":[{"embeddable":true,"href":"https:\/\/www.bksavez.net\/index.php?rest_route=\/wp\/v2\/users\/1"}],"replies":[{"embeddable":true,"href":"https:\/\/www.bksavez.net\/index.php?rest_route=%2Fwp%2Fv2%2Fcomments&post=5837"}],"version-history":[{"count":28,"href":"https:\/\/www.bksavez.net\/index.php?rest_route=\/wp\/v2\/pages\/5837\/revisions"}],"predecessor-version":[{"id":6685,"href":"https:\/\/www.bksavez.net\/index.php?rest_route=\/wp\/v2\/pages\/5837\/revisions\/6685"}],"up":[{"embeddable":true,"href":"https:\/\/www.bksavez.net\/index.php?rest_route=\/wp\/v2\/pages\/3850"}],"wp:attachment":[{"href":"https:\/\/www.bksavez.net\/index.php?rest_route=%2Fwp%2Fv2%2Fmedia&parent=5837"}],"curies":[{"name":"wp","href":"https:\/\/api.w.org\/{rel}","templated":true}]}}